{"id":8407,"date":"2023-04-06T12:10:33","date_gmt":"2023-04-06T12:10:33","guid":{"rendered":"https:\/\/www.mataroexpress.com\/avis-legal\/"},"modified":"2023-04-20T05:49:05","modified_gmt":"2023-04-20T05:49:05","slug":"avis-legal","status":"publish","type":"page","link":"http:\/\/www.mataroexpress.com\/ca\/avis-legal\/","title":{"rendered":"Av\u00eds legal"},"content":{"rendered":"\t\t<div data-elementor-type=\"wp-page\" data-elementor-id=\"8407\" class=\"elementor elementor-8407 elementor-7930\">\n\t\t\t\t\t\t<div class=\"elementor-inner\">\n\t\t\t\t<div class=\"elementor-section-wrap\">\n\t\t\t\t\t\t\t\t\t<section class=\"elementor-section elementor-top-section elementor-element elementor-element-ed926de elementor-section-boxed elementor-section-height-default elementor-section-height-default qodef-elementor-content-no\" data-id=\"ed926de\" data-element_type=\"section\" data-settings=\"{&quot;background_background&quot;:&quot;classic&quot;}\">\n\t\t\t\t\t\t<div class=\"elementor-container elementor-column-gap-default\">\n\t\t\t\t\t\t\t<div class=\"elementor-row\">\n\t\t\t\t\t<div class=\"elementor-column elementor-col-100 elementor-top-column elementor-element elementor-element-7d8cd2a\" data-id=\"7d8cd2a\" data-element_type=\"column\">\n\t\t\t<div class=\"elementor-column-wrap elementor-element-populated\">\n\t\t\t\t\t\t\t<div class=\"elementor-widget-wrap\">\n\t\t\t\t\t\t<div class=\"elementor-element elementor-element-bf740c5 elementor-widget elementor-widget-heading\" data-id=\"bf740c5\" data-element_type=\"widget\" data-widget_type=\"heading.default\">\n\t\t\t\t<div class=\"elementor-widget-container\">\n\t\t\t<h1 class=\"elementor-heading-title elementor-size-default\">Av\u00eds legal<\/h1>\t\t<\/div>\n\t\t\t\t<\/div>\n\t\t\t\t\t\t<\/div>\n\t\t\t\t\t<\/div>\n\t\t<\/div>\n\t\t\t\t\t\t\t\t<\/div>\n\t\t\t\t\t<\/div>\n\t\t<\/section>\n\t\t\t\t<section class=\"elementor-section elementor-top-section elementor-element elementor-element-98bfbc1 elementor-section-boxed elementor-section-height-default elementor-section-height-default qodef-elementor-content-no\" data-id=\"98bfbc1\" data-element_type=\"section\">\n\t\t\t\t\t\t<div class=\"elementor-container elementor-column-gap-no\">\n\t\t\t\t\t\t\t<div class=\"elementor-row\">\n\t\t\t\t\t<div class=\"elementor-column elementor-col-100 elementor-top-column elementor-element elementor-element-24d88fe\" data-id=\"24d88fe\" data-element_type=\"column\">\n\t\t\t<div class=\"elementor-column-wrap elementor-element-populated\">\n\t\t\t\t\t\t\t<div class=\"elementor-widget-wrap\">\n\t\t\t\t\t\t<div class=\"elementor-element elementor-element-72ba9fd elementor-widget elementor-widget-text-editor\" data-id=\"72ba9fd\" data-element_type=\"widget\" data-widget_type=\"text-editor.default\">\n\t\t\t\t<div class=\"elementor-widget-container\">\n\t\t\t\t\t\t\t\t<div class=\"elementor-text-editor elementor-clearfix\">\n\t\t\t\t<p>Este sitio web es propiedad de Transportes Flores, con domicilio social en C\/ Foner\u00eda s\/n 083004 Matar\u00f3. El uso de este sitio web est\u00e1 sujeto a los t\u00e9rminos y condiciones que se establecen a continuaci\u00f3n:<\/p>\n<p><strong>Propiedad intelectual:<\/strong><\/p>\n<p>Todos los derechos de propiedad intelectual sobre el contenido del sitio web, incluyendo sin limitaci\u00f3n, textos, gr\u00e1ficos, fotograf\u00edas, im\u00e1genes, iconos, tecnolog\u00eda, software, enlaces y otros contenidos audiovisuales o sonoros, son propiedad de Transportes Flores o de sus respectivos titulares.<\/p>\n<p><strong>Uso del sitio web:<\/strong><\/p>\n<p>El usuario se compromete a utilizar este sitio web de manera l\u00edcita y de acuerdo con los t\u00e9rminos y condiciones establecidos en este aviso legal. El usuario no podr\u00e1 utilizar el sitio web con fines il\u00edcitos, fraudulentos, para infringir los derechos de propiedad intelectual de Transportes Flores o de terceros, para difundir virus o software malicioso, o para cualquier otro prop\u00f3sito que pueda causar da\u00f1o o perjuicio a la empresa o a terceros.<\/p>\n<p><strong>Responsabilidad:<\/strong><\/p>\n<p>Transportes Flores no se hace responsable de los da\u00f1os o perjuicios que puedan derivarse del uso de este sitio web, incluyendo, sin limitaci\u00f3n, los da\u00f1os causados por virus inform\u00e1ticos, interrupciones en el servicio, problemas t\u00e9cnicos, errores u omisiones en el contenido, o por cualquier otro motivo.<\/p>\n<p>Enlaces a sitios web de terceros:<\/p>\n<p>Este sitio web puede incluir enlaces a sitios web de terceros. Transportes Flores no se hace responsable de los contenidos o la disponibilidad de estos sitios web, ni de los productos o servicios que puedan ofrecer.<\/p>\n<p>Ley aplicable:<\/p>\n<p>Este aviso legal se rige por la legislaci\u00f3n espa\u00f1ola. Cualquier controversia que pueda surgir en relaci\u00f3n con el uso de este sitio web se someter\u00e1 a los juzgados y tribunales de Matar\u00f3.<\/p>\n<p>Gracias por visitar nuestro sitio web. Si tiene alguna pregunta o inquietud sobre nuestro aviso legal, no dude en ponerse en contacto con nosotros a trav\u00e9s de nuestro sitio web <a href=\"https:\/\/mataroexpress.com\" target=\"_new\">https:\/\/mataroexpress.com<\/a>.<\/p>\n\t\t\t\t\t<\/div>\n\t\t\t\t\t\t<\/div>\n\t\t\t\t<\/div>\n\t\t\t\t\t\t<\/div>\n\t\t\t\t\t<\/div>\n\t\t<\/div>\n\t\t\t\t\t\t\t\t<\/div>\n\t\t\t\t\t<\/div>\n\t\t<\/section>\n\t\t\t\t\t\t\t\t\t<\/div>\n\t\t\t<\/div>\n\t\t\t\t\t<\/div>\n\t\t","protected":false},"excerpt":{"rendered":"<p>Este sitio web es propiedad de Transportes Flores, con domicilio social en C\/ Foner\u00eda s\/n 083004 Matar\u00f3. El uso de este sitio web est\u00e1 sujeto a los t\u00e9rminos y condiciones que se establecen a continuaci\u00f3n: Propiedad intelectual: Todos los derechos de propiedad intelectual sobre el contenido del sitio web, incluyendo sin limitaci\u00f3n, textos, gr\u00e1ficos, fotograf\u00edas, [&hellip;]<\/p>\n","protected":false},"author":1,"featured_media":0,"parent":0,"menu_order":0,"comment_status":"closed","ping_status":"closed","template":"page-full-width.php","meta":[],"yoast_head":"<!-- This site is optimized with the Yoast SEO plugin v20.5 - https:\/\/yoast.com\/wordpress\/plugins\/seo\/ -->\n<title>Av\u00eds legal - Transportes Mataro Express - Flores<\/title>\n<meta name=\"robots\" content=\"index, follow, max-snippet:-1, max-image-preview:large, max-video-preview:-1\" \/>\n<link rel=\"canonical\" href=\"http:\/\/www.mataroexpress.com\/ca\/avis-legal\/\" \/>\n<meta property=\"og:locale\" content=\"ca_ES\" \/>\n<meta property=\"og:type\" content=\"article\" \/>\n<meta property=\"og:title\" content=\"Av\u00eds legal - Transportes Mataro Express - Flores\" \/>\n<meta property=\"og:description\" content=\"Este sitio web es propiedad de Transportes Flores, con domicilio social en C\/ Foner\u00eda s\/n 083004 Matar\u00f3. El uso de este sitio web est\u00e1 sujeto a los t\u00e9rminos y condiciones que se establecen a continuaci\u00f3n: Propiedad intelectual: Todos los derechos de propiedad intelectual sobre el contenido del sitio web, incluyendo sin limitaci\u00f3n, textos, gr\u00e1ficos, fotograf\u00edas, [&hellip;]\" \/>\n<meta property=\"og:url\" content=\"http:\/\/www.mataroexpress.com\/ca\/avis-legal\/\" \/>\n<meta property=\"og:site_name\" content=\"Transportes Mataro Express - Flores\" \/>\n<meta property=\"article:modified_time\" content=\"2023-04-20T05:49:05+00:00\" \/>\n<meta name=\"twitter:card\" content=\"summary_large_image\" \/>\n<meta name=\"twitter:label1\" content=\"Est. reading time\" \/>\n\t<meta name=\"twitter:data1\" content=\"2 minutes\" \/>\n<script type=\"application\/ld+json\" class=\"yoast-schema-graph\">{\"@context\":\"https:\/\/schema.org\",\"@graph\":[{\"@type\":\"WebPage\",\"@id\":\"http:\/\/www.mataroexpress.com\/ca\/avis-legal\/\",\"url\":\"http:\/\/www.mataroexpress.com\/ca\/avis-legal\/\",\"name\":\"Av\u00eds legal - Transportes Mataro Express - Flores\",\"isPartOf\":{\"@id\":\"https:\/\/www.mataroexpress.com\/ca\/#website\"},\"datePublished\":\"2023-04-06T12:10:33+00:00\",\"dateModified\":\"2023-04-20T05:49:05+00:00\",\"breadcrumb\":{\"@id\":\"http:\/\/www.mataroexpress.com\/ca\/avis-legal\/#breadcrumb\"},\"inLanguage\":\"ca\",\"potentialAction\":[{\"@type\":\"ReadAction\",\"target\":[\"http:\/\/www.mataroexpress.com\/ca\/avis-legal\/\"]}]},{\"@type\":\"BreadcrumbList\",\"@id\":\"http:\/\/www.mataroexpress.com\/ca\/avis-legal\/#breadcrumb\",\"itemListElement\":[{\"@type\":\"ListItem\",\"position\":1,\"name\":\"Portada\",\"item\":\"http:\/\/www.mataroexpress.com\/ca\/\"},{\"@type\":\"ListItem\",\"position\":2,\"name\":\"Av\u00eds legal\"}]},{\"@type\":\"WebSite\",\"@id\":\"https:\/\/www.mataroexpress.com\/ca\/#website\",\"url\":\"https:\/\/www.mataroexpress.com\/ca\/\",\"name\":\"Transportes Mataro Express - Flores\",\"description\":\"Transportes Flores\",\"publisher\":{\"@id\":\"https:\/\/www.mataroexpress.com\/ca\/#organization\"},\"potentialAction\":[{\"@type\":\"SearchAction\",\"target\":{\"@type\":\"EntryPoint\",\"urlTemplate\":\"https:\/\/www.mataroexpress.com\/ca\/?s={search_term_string}\"},\"query-input\":\"required name=search_term_string\"}],\"inLanguage\":\"ca\"},{\"@type\":\"Organization\",\"@id\":\"https:\/\/www.mataroexpress.com\/ca\/#organization\",\"name\":\"Transportes Mataro Express - Flores\",\"url\":\"https:\/\/www.mataroexpress.com\/ca\/\",\"logo\":{\"@type\":\"ImageObject\",\"inLanguage\":\"ca\",\"@id\":\"https:\/\/www.mataroexpress.com\/ca\/#\/schema\/logo\/image\/\",\"url\":\"http:\/\/www.mataroexpress.com\/wp-content\/uploads\/2023\/04\/logo-removebg-preview.png\",\"contentUrl\":\"http:\/\/www.mataroexpress.com\/wp-content\/uploads\/2023\/04\/logo-removebg-preview.png\",\"width\":156,\"height\":104,\"caption\":\"Transportes Mataro Express - Flores\"},\"image\":{\"@id\":\"https:\/\/www.mataroexpress.com\/ca\/#\/schema\/logo\/image\/\"}}]}<\/script>\n<!-- \/ Yoast SEO plugin. -->","yoast_head_json":{"title":"Av\u00eds legal - Transportes Mataro Express - Flores","robots":{"index":"index","follow":"follow","max-snippet":"max-snippet:-1","max-image-preview":"max-image-preview:large","max-video-preview":"max-video-preview:-1"},"canonical":"http:\/\/www.mataroexpress.com\/ca\/avis-legal\/","og_locale":"ca_ES","og_type":"article","og_title":"Av\u00eds legal - Transportes Mataro Express - Flores","og_description":"Este sitio web es propiedad de Transportes Flores, con domicilio social en C\/ Foner\u00eda s\/n 083004 Matar\u00f3. El uso de este sitio web est\u00e1 sujeto a los t\u00e9rminos y condiciones que se establecen a continuaci\u00f3n: Propiedad intelectual: Todos los derechos de propiedad intelectual sobre el contenido del sitio web, incluyendo sin limitaci\u00f3n, textos, gr\u00e1ficos, fotograf\u00edas, [&hellip;]","og_url":"http:\/\/www.mataroexpress.com\/ca\/avis-legal\/","og_site_name":"Transportes Mataro Express - Flores","article_modified_time":"2023-04-20T05:49:05+00:00","twitter_card":"summary_large_image","twitter_misc":{"Est. reading time":"2 minutes"},"schema":{"@context":"https:\/\/schema.org","@graph":[{"@type":"WebPage","@id":"http:\/\/www.mataroexpress.com\/ca\/avis-legal\/","url":"http:\/\/www.mataroexpress.com\/ca\/avis-legal\/","name":"Av\u00eds legal - Transportes Mataro Express - Flores","isPartOf":{"@id":"https:\/\/www.mataroexpress.com\/ca\/#website"},"datePublished":"2023-04-06T12:10:33+00:00","dateModified":"2023-04-20T05:49:05+00:00","breadcrumb":{"@id":"http:\/\/www.mataroexpress.com\/ca\/avis-legal\/#breadcrumb"},"inLanguage":"ca","potentialAction":[{"@type":"ReadAction","target":["http:\/\/www.mataroexpress.com\/ca\/avis-legal\/"]}]},{"@type":"BreadcrumbList","@id":"http:\/\/www.mataroexpress.com\/ca\/avis-legal\/#breadcrumb","itemListElement":[{"@type":"ListItem","position":1,"name":"Portada","item":"http:\/\/www.mataroexpress.com\/ca\/"},{"@type":"ListItem","position":2,"name":"Av\u00eds legal"}]},{"@type":"WebSite","@id":"https:\/\/www.mataroexpress.com\/ca\/#website","url":"https:\/\/www.mataroexpress.com\/ca\/","name":"Transportes Mataro Express - Flores","description":"Transportes Flores","publisher":{"@id":"https:\/\/www.mataroexpress.com\/ca\/#organization"},"potentialAction":[{"@type":"SearchAction","target":{"@type":"EntryPoint","urlTemplate":"https:\/\/www.mataroexpress.com\/ca\/?s={search_term_string}"},"query-input":"required name=search_term_string"}],"inLanguage":"ca"},{"@type":"Organization","@id":"https:\/\/www.mataroexpress.com\/ca\/#organization","name":"Transportes Mataro Express - Flores","url":"https:\/\/www.mataroexpress.com\/ca\/","logo":{"@type":"ImageObject","inLanguage":"ca","@id":"https:\/\/www.mataroexpress.com\/ca\/#\/schema\/logo\/image\/","url":"http:\/\/www.mataroexpress.com\/wp-content\/uploads\/2023\/04\/logo-removebg-preview.png","contentUrl":"http:\/\/www.mataroexpress.com\/wp-content\/uploads\/2023\/04\/logo-removebg-preview.png","width":156,"height":104,"caption":"Transportes Mataro Express - Flores"},"image":{"@id":"https:\/\/www.mataroexpress.com\/ca\/#\/schema\/logo\/image\/"}}]}},"_links":{"self":[{"href":"http:\/\/www.mataroexpress.com\/ca\/wp-json\/wp\/v2\/pages\/8407"}],"collection":[{"href":"http:\/\/www.mataroexpress.com\/ca\/wp-json\/wp\/v2\/pages"}],"about":[{"href":"http:\/\/www.mataroexpress.com\/ca\/wp-json\/wp\/v2\/types\/page"}],"author":[{"embeddable":true,"href":"http:\/\/www.mataroexpress.com\/ca\/wp-json\/wp\/v2\/users\/1"}],"replies":[{"embeddable":true,"href":"http:\/\/www.mataroexpress.com\/ca\/wp-json\/wp\/v2\/comments?post=8407"}],"version-history":[{"count":4,"href":"http:\/\/www.mataroexpress.com\/ca\/wp-json\/wp\/v2\/pages\/8407\/revisions"}],"predecessor-version":[{"id":8498,"href":"http:\/\/www.mataroexpress.com\/ca\/wp-json\/wp\/v2\/pages\/8407\/revisions\/8498"}],"wp:attachment":[{"href":"http:\/\/www.mataroexpress.com\/ca\/wp-json\/wp\/v2\/media?parent=8407"}],"curies":[{"name":"wp","href":"https:\/\/api.w.org\/{rel}","templated":true}]}}