{"id":8423,"date":"2023-04-12T09:56:11","date_gmt":"2023-04-12T09:56:11","guid":{"rendered":"https:\/\/www.mataroexpress.com\/paqueteria-a-grans-superficies\/"},"modified":"2023-04-20T05:53:32","modified_gmt":"2023-04-20T05:53:32","slug":"paqueteria-a-grans-superficies","status":"publish","type":"page","link":"http:\/\/www.mataroexpress.com\/ca\/paqueteria-a-grans-superficies\/","title":{"rendered":"Paqueteria a grans superf\u00edcies"},"content":{"rendered":"\t\t<div data-elementor-type=\"wp-page\" data-elementor-id=\"8423\" class=\"elementor elementor-8423 elementor-8036\">\n\t\t\t\t\t\t<div class=\"elementor-inner\">\n\t\t\t\t<div class=\"elementor-section-wrap\">\n\t\t\t\t\t\t\t\t\t<section class=\"elementor-section elementor-top-section elementor-element elementor-element-e1dfef6 elementor-section-boxed elementor-section-height-default elementor-section-height-default qodef-elementor-content-no\" data-id=\"e1dfef6\" data-element_type=\"section\" data-settings=\"{&quot;background_background&quot;:&quot;classic&quot;}\">\n\t\t\t\t\t\t<div class=\"elementor-container elementor-column-gap-default\">\n\t\t\t\t\t\t\t<div class=\"elementor-row\">\n\t\t\t\t\t<div class=\"elementor-column elementor-col-100 elementor-top-column elementor-element elementor-element-8dd3a37\" data-id=\"8dd3a37\" data-element_type=\"column\">\n\t\t\t<div class=\"elementor-column-wrap elementor-element-populated\">\n\t\t\t\t\t\t\t<div class=\"elementor-widget-wrap\">\n\t\t\t\t\t\t<div class=\"elementor-element elementor-element-b35f653 elementor-widget elementor-widget-heading\" data-id=\"b35f653\" data-element_type=\"widget\" data-widget_type=\"heading.default\">\n\t\t\t\t<div class=\"elementor-widget-container\">\n\t\t\t<h1 class=\"elementor-heading-title elementor-size-default\">Paqueteria a grans superf\u00edcies<\/h1>\t\t<\/div>\n\t\t\t\t<\/div>\n\t\t\t\t\t\t<\/div>\n\t\t\t\t\t<\/div>\n\t\t<\/div>\n\t\t\t\t\t\t\t\t<\/div>\n\t\t\t\t\t<\/div>\n\t\t<\/section>\n\t\t\t\t<section class=\"elementor-section elementor-top-section elementor-element elementor-element-50e8858 elementor-section-full_width elementor-section-height-default elementor-section-height-default qodef-elementor-content-no\" data-id=\"50e8858\" data-element_type=\"section\">\n\t\t\t\t\t\t<div class=\"elementor-container elementor-column-gap-default\">\n\t\t\t\t\t\t\t<div class=\"elementor-row\">\n\t\t\t\t\t<div class=\"elementor-column elementor-col-50 elementor-top-column elementor-element elementor-element-4819587\" data-id=\"4819587\" data-element_type=\"column\">\n\t\t\t<div class=\"elementor-column-wrap elementor-element-populated\">\n\t\t\t\t\t\t\t<div class=\"elementor-widget-wrap\">\n\t\t\t\t\t\t<div class=\"elementor-element elementor-element-a2db777 elementor-widget elementor-widget-image\" data-id=\"a2db777\" data-element_type=\"widget\" data-widget_type=\"image.default\">\n\t\t\t\t<div class=\"elementor-widget-container\">\n\t\t\t\t\t\t\t\t<div class=\"elementor-image\">\n\t\t\t\t\t\t\t\t\t\t\t\t<img decoding=\"async\" width=\"800\" height=\"400\" src=\"http:\/\/www.mataroexpress.com\/wp-content\/uploads\/2023\/04\/paqueteria_2.png\" class=\"attachment-full size-full wp-image-8042\" alt=\"\" srcset=\"http:\/\/www.mataroexpress.com\/wp-content\/uploads\/2023\/04\/paqueteria_2.png 800w, http:\/\/www.mataroexpress.com\/wp-content\/uploads\/2023\/04\/paqueteria_2-300x150.png 300w, http:\/\/www.mataroexpress.com\/wp-content\/uploads\/2023\/04\/paqueteria_2-768x384.png 768w\" sizes=\"(max-width: 800px) 100vw, 800px\" \/>\t\t\t\t\t\t\t\t\t\t\t\t\t\t<\/div>\n\t\t\t\t\t\t<\/div>\n\t\t\t\t<\/div>\n\t\t\t\t\t\t<\/div>\n\t\t\t\t\t<\/div>\n\t\t<\/div>\n\t\t\t\t<div class=\"elementor-column elementor-col-50 elementor-top-column elementor-element elementor-element-a956168\" data-id=\"a956168\" data-element_type=\"column\">\n\t\t\t<div class=\"elementor-column-wrap elementor-element-populated\">\n\t\t\t\t\t\t\t<div class=\"elementor-widget-wrap\">\n\t\t\t\t\t\t<div class=\"elementor-element elementor-element-8ac2cb0 elementor-widget elementor-widget-heading\" data-id=\"8ac2cb0\" data-element_type=\"widget\" data-widget_type=\"heading.default\">\n\t\t\t\t<div class=\"elementor-widget-container\">\n\t\t\t<h2 class=\"elementor-heading-title elementor-size-default\">Transportes Flores: La teva soluci\u00f3 de paqueteria per a grans superf\u00edcies<\/h2>\t\t<\/div>\n\t\t\t\t<\/div>\n\t\t\t\t<div class=\"elementor-element elementor-element-e48e2d8 elementor-widget elementor-widget-text-editor\" data-id=\"e48e2d8\" data-element_type=\"widget\" data-widget_type=\"text-editor.default\">\n\t\t\t\t<div class=\"elementor-widget-container\">\n\t\t\t\t\t\t\t\t<div class=\"elementor-text-editor elementor-clearfix\">\n\t\t\t\t<p>Si tens una empresa que necessita transportar grans quantitats de productes a grans superf\u00edcies, a Transportes Flores podem ajudar-te. Oferim serveis de paqueteria a grans superf\u00edcies, assegurant el lliurament r\u00e0pid i segur de la teva mercaderia.<\/p>\n\t\t\t\t\t<\/div>\n\t\t\t\t\t\t<\/div>\n\t\t\t\t<\/div>\n\t\t\t\t<div class=\"elementor-element elementor-element-7c4c7e2 elementor-widget elementor-widget-text-editor\" data-id=\"7c4c7e2\" data-element_type=\"widget\" data-widget_type=\"text-editor.default\">\n\t\t\t\t<div class=\"elementor-widget-container\">\n\t\t\t\t\t\t\t\t<div class=\"elementor-text-editor elementor-clearfix\">\n\t\t\t\t<p>El nostre equip de professionals altament capacitats en log\u00edstica i transport s&#8217;encarregar\u00e0 de preparar i lliurar les teves trameses dins el termini i en la forma escaient, cuidant en tot moment la integritat de la teva mercaderia. A m\u00e9s, a Transportes Flores sabem com n&#8217;\u00e9s d&#8217;important mantenir una comunicaci\u00f3 constant amb els nostres clients, per la qual cosa et mantindrem informat en tot moment de l&#8217;estat dels teus enviaments.<\/p>\t\t\t\t\t<\/div>\n\t\t\t\t\t\t<\/div>\n\t\t\t\t<\/div>\n\t\t\t\t\t\t<\/div>\n\t\t\t\t\t<\/div>\n\t\t<\/div>\n\t\t\t\t\t\t\t\t<\/div>\n\t\t\t\t\t<\/div>\n\t\t<\/section>\n\t\t\t\t<section class=\"elementor-section elementor-top-section elementor-element elementor-element-5989623 elementor-section-boxed elementor-section-height-default elementor-section-height-default qodef-elementor-content-no\" data-id=\"5989623\" data-element_type=\"section\">\n\t\t\t\t\t\t<div class=\"elementor-container elementor-column-gap-default\">\n\t\t\t\t\t\t\t<div class=\"elementor-row\">\n\t\t\t\t\t<div class=\"elementor-column elementor-col-50 elementor-top-column elementor-element elementor-element-6db2e61\" data-id=\"6db2e61\" data-element_type=\"column\">\n\t\t\t<div class=\"elementor-column-wrap elementor-element-populated\">\n\t\t\t\t\t\t\t<div class=\"elementor-widget-wrap\">\n\t\t\t\t\t\t<div class=\"elementor-element elementor-element-b891563 elementor-widget elementor-widget-heading\" data-id=\"b891563\" data-element_type=\"widget\" data-widget_type=\"heading.default\">\n\t\t\t\t<div class=\"elementor-widget-container\">\n\t\t\t<h2 class=\"elementor-heading-title elementor-size-default\">Confia en Transportes Flores per a un servei de paqueteria r\u00e0pid i segur<\/h2>\t\t<\/div>\n\t\t\t\t<\/div>\n\t\t\t\t<div class=\"elementor-element elementor-element-884cc17 elementor-widget elementor-widget-text-editor\" data-id=\"884cc17\" data-element_type=\"widget\" data-widget_type=\"text-editor.default\">\n\t\t\t\t<div class=\"elementor-widget-container\">\n\t\t\t\t\t\t\t\t<div class=\"elementor-text-editor elementor-clearfix\">\n\t\t\t\t<p>Si necessites transportar els teus productes a grans superf\u00edcies de manera r\u00e0pida i eficient, no dubtis a contactar amb Transportes Flores. Ens assegurarem que els teus enviaments arribin en perfectes condicions dins el termini i en la forma escaient, perqu\u00e8 puguis mantenir la confian\u00e7a i la satisfacci\u00f3 dels teus clients.<\/p>\t\t\t\t\t<\/div>\n\t\t\t\t\t\t<\/div>\n\t\t\t\t<\/div>\n\t\t\t\t\t\t<\/div>\n\t\t\t\t\t<\/div>\n\t\t<\/div>\n\t\t\t\t<div class=\"elementor-column elementor-col-50 elementor-top-column elementor-element elementor-element-38202cb\" data-id=\"38202cb\" data-element_type=\"column\">\n\t\t\t<div class=\"elementor-column-wrap elementor-element-populated\">\n\t\t\t\t\t\t\t<div class=\"elementor-widget-wrap\">\n\t\t\t\t\t\t<div class=\"elementor-element elementor-element-b56542c elementor-widget elementor-widget-image\" data-id=\"b56542c\" data-element_type=\"widget\" data-widget_type=\"image.default\">\n\t\t\t\t<div class=\"elementor-widget-container\">\n\t\t\t\t\t\t\t\t<div class=\"elementor-image\">\n\t\t\t\t\t\t\t\t\t\t\t\t<img decoding=\"async\" width=\"800\" height=\"400\" src=\"http:\/\/www.mataroexpress.com\/wp-content\/uploads\/2023\/04\/paqueteria_1.png\" class=\"attachment-full size-full wp-image-8043\" alt=\"\" srcset=\"http:\/\/www.mataroexpress.com\/wp-content\/uploads\/2023\/04\/paqueteria_1.png 800w, http:\/\/www.mataroexpress.com\/wp-content\/uploads\/2023\/04\/paqueteria_1-300x150.png 300w, http:\/\/www.mataroexpress.com\/wp-content\/uploads\/2023\/04\/paqueteria_1-768x384.png 768w\" sizes=\"(max-width: 800px) 100vw, 800px\" \/>\t\t\t\t\t\t\t\t\t\t\t\t\t\t<\/div>\n\t\t\t\t\t\t<\/div>\n\t\t\t\t<\/div>\n\t\t\t\t\t\t<\/div>\n\t\t\t\t\t<\/div>\n\t\t<\/div>\n\t\t\t\t\t\t\t\t<\/div>\n\t\t\t\t\t<\/div>\n\t\t<\/section>\n\t\t\t\t\t\t\t\t\t<\/div>\n\t\t\t<\/div>\n\t\t\t\t\t<\/div>\n\t\t","protected":false},"excerpt":{"rendered":"<p>Transportes Flores: La teva soluci\u00f3 de paqueteria per a grans superf\u00edcies Si tens una empresa que necessita transportar grans quantitats de productes a grans superf\u00edcies, a Transportes Flores podem ajudar-te. Oferim serveis de paqueteria a grans superf\u00edcies, assegurant el lliurament r\u00e0pid i segur de la teva mercaderia. El nostre equip de professionals altament capacitats en [&hellip;]<\/p>\n","protected":false},"author":1,"featured_media":0,"parent":0,"menu_order":0,"comment_status":"closed","ping_status":"closed","template":"page-full-width.php","meta":[],"yoast_head":"<!-- This site is optimized with the Yoast SEO plugin v20.5 - https:\/\/yoast.com\/wordpress\/plugins\/seo\/ -->\n<title>Paqueteria a grans superf\u00edcies - Transportes Mataro Express - Flores<\/title>\n<meta name=\"robots\" content=\"index, follow, max-snippet:-1, max-image-preview:large, max-video-preview:-1\" \/>\n<link rel=\"canonical\" href=\"http:\/\/www.mataroexpress.com\/ca\/paqueteria-a-grans-superficies\/\" \/>\n<meta property=\"og:locale\" content=\"ca_ES\" \/>\n<meta property=\"og:type\" content=\"article\" \/>\n<meta property=\"og:title\" content=\"Paqueteria a grans superf\u00edcies - Transportes Mataro Express - Flores\" \/>\n<meta property=\"og:description\" content=\"Transportes Flores: La teva soluci\u00f3 de paqueteria per a grans superf\u00edcies Si tens una empresa que necessita transportar grans quantitats de productes a grans superf\u00edcies, a Transportes Flores podem ajudar-te. Oferim serveis de paqueteria a grans superf\u00edcies, assegurant el lliurament r\u00e0pid i segur de la teva mercaderia. El nostre equip de professionals altament capacitats en [&hellip;]\" \/>\n<meta property=\"og:url\" content=\"http:\/\/www.mataroexpress.com\/ca\/paqueteria-a-grans-superficies\/\" \/>\n<meta property=\"og:site_name\" content=\"Transportes Mataro Express - Flores\" \/>\n<meta property=\"article:modified_time\" content=\"2023-04-20T05:53:32+00:00\" \/>\n<meta property=\"og:image\" content=\"http:\/\/www.mataroexpress.com\/wp-content\/uploads\/2023\/04\/paqueteria_2.png\" \/>\n<meta name=\"twitter:card\" content=\"summary_large_image\" \/>\n<meta name=\"twitter:label1\" content=\"Est. reading time\" \/>\n\t<meta name=\"twitter:data1\" content=\"2 minutes\" \/>\n<script type=\"application\/ld+json\" class=\"yoast-schema-graph\">{\"@context\":\"https:\/\/schema.org\",\"@graph\":[{\"@type\":\"WebPage\",\"@id\":\"http:\/\/www.mataroexpress.com\/ca\/paqueteria-a-grans-superficies\/\",\"url\":\"http:\/\/www.mataroexpress.com\/ca\/paqueteria-a-grans-superficies\/\",\"name\":\"Paqueteria a grans superf\u00edcies - Transportes Mataro Express - Flores\",\"isPartOf\":{\"@id\":\"https:\/\/www.mataroexpress.com\/ca\/#website\"},\"datePublished\":\"2023-04-12T09:56:11+00:00\",\"dateModified\":\"2023-04-20T05:53:32+00:00\",\"breadcrumb\":{\"@id\":\"http:\/\/www.mataroexpress.com\/ca\/paqueteria-a-grans-superficies\/#breadcrumb\"},\"inLanguage\":\"ca\",\"potentialAction\":[{\"@type\":\"ReadAction\",\"target\":[\"http:\/\/www.mataroexpress.com\/ca\/paqueteria-a-grans-superficies\/\"]}]},{\"@type\":\"BreadcrumbList\",\"@id\":\"http:\/\/www.mataroexpress.com\/ca\/paqueteria-a-grans-superficies\/#breadcrumb\",\"itemListElement\":[{\"@type\":\"ListItem\",\"position\":1,\"name\":\"Portada\",\"item\":\"http:\/\/www.mataroexpress.com\/ca\/\"},{\"@type\":\"ListItem\",\"position\":2,\"name\":\"Paqueteria a grans superf\u00edcies\"}]},{\"@type\":\"WebSite\",\"@id\":\"https:\/\/www.mataroexpress.com\/ca\/#website\",\"url\":\"https:\/\/www.mataroexpress.com\/ca\/\",\"name\":\"Transportes Mataro Express - Flores\",\"description\":\"Transportes Flores\",\"publisher\":{\"@id\":\"https:\/\/www.mataroexpress.com\/ca\/#organization\"},\"potentialAction\":[{\"@type\":\"SearchAction\",\"target\":{\"@type\":\"EntryPoint\",\"urlTemplate\":\"https:\/\/www.mataroexpress.com\/ca\/?s={search_term_string}\"},\"query-input\":\"required name=search_term_string\"}],\"inLanguage\":\"ca\"},{\"@type\":\"Organization\",\"@id\":\"https:\/\/www.mataroexpress.com\/ca\/#organization\",\"name\":\"Transportes Mataro Express - Flores\",\"url\":\"https:\/\/www.mataroexpress.com\/ca\/\",\"logo\":{\"@type\":\"ImageObject\",\"inLanguage\":\"ca\",\"@id\":\"https:\/\/www.mataroexpress.com\/ca\/#\/schema\/logo\/image\/\",\"url\":\"http:\/\/www.mataroexpress.com\/wp-content\/uploads\/2023\/04\/logo-removebg-preview.png\",\"contentUrl\":\"http:\/\/www.mataroexpress.com\/wp-content\/uploads\/2023\/04\/logo-removebg-preview.png\",\"width\":156,\"height\":104,\"caption\":\"Transportes Mataro Express - Flores\"},\"image\":{\"@id\":\"https:\/\/www.mataroexpress.com\/ca\/#\/schema\/logo\/image\/\"}}]}<\/script>\n<!-- \/ Yoast SEO plugin. -->","yoast_head_json":{"title":"Paqueteria a grans superf\u00edcies - Transportes Mataro Express - Flores","robots":{"index":"index","follow":"follow","max-snippet":"max-snippet:-1","max-image-preview":"max-image-preview:large","max-video-preview":"max-video-preview:-1"},"canonical":"http:\/\/www.mataroexpress.com\/ca\/paqueteria-a-grans-superficies\/","og_locale":"ca_ES","og_type":"article","og_title":"Paqueteria a grans superf\u00edcies - Transportes Mataro Express - Flores","og_description":"Transportes Flores: La teva soluci\u00f3 de paqueteria per a grans superf\u00edcies Si tens una empresa que necessita transportar grans quantitats de productes a grans superf\u00edcies, a Transportes Flores podem ajudar-te. Oferim serveis de paqueteria a grans superf\u00edcies, assegurant el lliurament r\u00e0pid i segur de la teva mercaderia. El nostre equip de professionals altament capacitats en [&hellip;]","og_url":"http:\/\/www.mataroexpress.com\/ca\/paqueteria-a-grans-superficies\/","og_site_name":"Transportes Mataro Express - Flores","article_modified_time":"2023-04-20T05:53:32+00:00","og_image":[{"url":"http:\/\/www.mataroexpress.com\/wp-content\/uploads\/2023\/04\/paqueteria_2.png"}],"twitter_card":"summary_large_image","twitter_misc":{"Est. reading time":"2 minutes"},"schema":{"@context":"https:\/\/schema.org","@graph":[{"@type":"WebPage","@id":"http:\/\/www.mataroexpress.com\/ca\/paqueteria-a-grans-superficies\/","url":"http:\/\/www.mataroexpress.com\/ca\/paqueteria-a-grans-superficies\/","name":"Paqueteria a grans superf\u00edcies - Transportes Mataro Express - Flores","isPartOf":{"@id":"https:\/\/www.mataroexpress.com\/ca\/#website"},"datePublished":"2023-04-12T09:56:11+00:00","dateModified":"2023-04-20T05:53:32+00:00","breadcrumb":{"@id":"http:\/\/www.mataroexpress.com\/ca\/paqueteria-a-grans-superficies\/#breadcrumb"},"inLanguage":"ca","potentialAction":[{"@type":"ReadAction","target":["http:\/\/www.mataroexpress.com\/ca\/paqueteria-a-grans-superficies\/"]}]},{"@type":"BreadcrumbList","@id":"http:\/\/www.mataroexpress.com\/ca\/paqueteria-a-grans-superficies\/#breadcrumb","itemListElement":[{"@type":"ListItem","position":1,"name":"Portada","item":"http:\/\/www.mataroexpress.com\/ca\/"},{"@type":"ListItem","position":2,"name":"Paqueteria a grans superf\u00edcies"}]},{"@type":"WebSite","@id":"https:\/\/www.mataroexpress.com\/ca\/#website","url":"https:\/\/www.mataroexpress.com\/ca\/","name":"Transportes Mataro Express - Flores","description":"Transportes Flores","publisher":{"@id":"https:\/\/www.mataroexpress.com\/ca\/#organization"},"potentialAction":[{"@type":"SearchAction","target":{"@type":"EntryPoint","urlTemplate":"https:\/\/www.mataroexpress.com\/ca\/?s={search_term_string}"},"query-input":"required name=search_term_string"}],"inLanguage":"ca"},{"@type":"Organization","@id":"https:\/\/www.mataroexpress.com\/ca\/#organization","name":"Transportes Mataro Express - Flores","url":"https:\/\/www.mataroexpress.com\/ca\/","logo":{"@type":"ImageObject","inLanguage":"ca","@id":"https:\/\/www.mataroexpress.com\/ca\/#\/schema\/logo\/image\/","url":"http:\/\/www.mataroexpress.com\/wp-content\/uploads\/2023\/04\/logo-removebg-preview.png","contentUrl":"http:\/\/www.mataroexpress.com\/wp-content\/uploads\/2023\/04\/logo-removebg-preview.png","width":156,"height":104,"caption":"Transportes Mataro Express - Flores"},"image":{"@id":"https:\/\/www.mataroexpress.com\/ca\/#\/schema\/logo\/image\/"}}]}},"_links":{"self":[{"href":"http:\/\/www.mataroexpress.com\/ca\/wp-json\/wp\/v2\/pages\/8423"}],"collection":[{"href":"http:\/\/www.mataroexpress.com\/ca\/wp-json\/wp\/v2\/pages"}],"about":[{"href":"http:\/\/www.mataroexpress.com\/ca\/wp-json\/wp\/v2\/types\/page"}],"author":[{"embeddable":true,"href":"http:\/\/www.mataroexpress.com\/ca\/wp-json\/wp\/v2\/users\/1"}],"replies":[{"embeddable":true,"href":"http:\/\/www.mataroexpress.com\/ca\/wp-json\/wp\/v2\/comments?post=8423"}],"version-history":[{"count":7,"href":"http:\/\/www.mataroexpress.com\/ca\/wp-json\/wp\/v2\/pages\/8423\/revisions"}],"predecessor-version":[{"id":8509,"href":"http:\/\/www.mataroexpress.com\/ca\/wp-json\/wp\/v2\/pages\/8423\/revisions\/8509"}],"wp:attachment":[{"href":"http:\/\/www.mataroexpress.com\/ca\/wp-json\/wp\/v2\/media?parent=8423"}],"curies":[{"name":"wp","href":"https:\/\/api.w.org\/{rel}","templated":true}]}}