{"id":8425,"date":"2023-04-12T10:03:49","date_gmt":"2023-04-12T10:03:49","guid":{"rendered":"https:\/\/www.mataroexpress.com\/emmagatzematge-i-picking\/"},"modified":"2023-04-20T05:51:02","modified_gmt":"2023-04-20T05:51:02","slug":"emmagatzematge-i-picking","status":"publish","type":"page","link":"http:\/\/www.mataroexpress.com\/ca\/emmagatzematge-i-picking\/","title":{"rendered":"Emmagatzematge i picking"},"content":{"rendered":"\t\t<div data-elementor-type=\"wp-page\" data-elementor-id=\"8425\" class=\"elementor elementor-8425 elementor-8047\">\n\t\t\t\t\t\t<div class=\"elementor-inner\">\n\t\t\t\t<div class=\"elementor-section-wrap\">\n\t\t\t\t\t\t\t\t\t<section class=\"elementor-section elementor-top-section elementor-element elementor-element-e1dfef6 elementor-section-boxed elementor-section-height-default elementor-section-height-default qodef-elementor-content-no\" data-id=\"e1dfef6\" data-element_type=\"section\" data-settings=\"{&quot;background_background&quot;:&quot;classic&quot;}\">\n\t\t\t\t\t\t<div class=\"elementor-container elementor-column-gap-default\">\n\t\t\t\t\t\t\t<div class=\"elementor-row\">\n\t\t\t\t\t<div class=\"elementor-column elementor-col-100 elementor-top-column elementor-element elementor-element-8dd3a37\" data-id=\"8dd3a37\" data-element_type=\"column\">\n\t\t\t<div class=\"elementor-column-wrap elementor-element-populated\">\n\t\t\t\t\t\t\t<div class=\"elementor-widget-wrap\">\n\t\t\t\t\t\t<div class=\"elementor-element elementor-element-b35f653 elementor-widget elementor-widget-heading\" data-id=\"b35f653\" data-element_type=\"widget\" data-widget_type=\"heading.default\">\n\t\t\t\t<div class=\"elementor-widget-container\">\n\t\t\t<h1 class=\"elementor-heading-title elementor-size-default\">Emmagatzematge i picking<\/h1>\t\t<\/div>\n\t\t\t\t<\/div>\n\t\t\t\t\t\t<\/div>\n\t\t\t\t\t<\/div>\n\t\t<\/div>\n\t\t\t\t\t\t\t\t<\/div>\n\t\t\t\t\t<\/div>\n\t\t<\/section>\n\t\t\t\t<section class=\"elementor-section elementor-top-section elementor-element elementor-element-50e8858 elementor-section-boxed elementor-section-height-default elementor-section-height-default qodef-elementor-content-no\" data-id=\"50e8858\" data-element_type=\"section\">\n\t\t\t\t\t\t<div class=\"elementor-container elementor-column-gap-default\">\n\t\t\t\t\t\t\t<div class=\"elementor-row\">\n\t\t\t\t\t<div class=\"elementor-column elementor-col-50 elementor-top-column elementor-element elementor-element-4819587\" data-id=\"4819587\" data-element_type=\"column\">\n\t\t\t<div class=\"elementor-column-wrap elementor-element-populated\">\n\t\t\t\t\t\t\t<div class=\"elementor-widget-wrap\">\n\t\t\t\t\t\t<div class=\"elementor-element elementor-element-a2db777 elementor-widget elementor-widget-image\" data-id=\"a2db777\" data-element_type=\"widget\" data-widget_type=\"image.default\">\n\t\t\t\t<div class=\"elementor-widget-container\">\n\t\t\t\t\t\t\t\t<div class=\"elementor-image\">\n\t\t\t\t\t\t\t\t\t\t\t\t<img decoding=\"async\" width=\"800\" height=\"400\" src=\"http:\/\/www.mataroexpress.com\/wp-content\/uploads\/2023\/04\/picking_1.png\" class=\"attachment-full size-full wp-image-8049\" alt=\"\" srcset=\"http:\/\/www.mataroexpress.com\/wp-content\/uploads\/2023\/04\/picking_1.png 800w, http:\/\/www.mataroexpress.com\/wp-content\/uploads\/2023\/04\/picking_1-300x150.png 300w, http:\/\/www.mataroexpress.com\/wp-content\/uploads\/2023\/04\/picking_1-768x384.png 768w\" sizes=\"(max-width: 800px) 100vw, 800px\" \/>\t\t\t\t\t\t\t\t\t\t\t\t\t\t<\/div>\n\t\t\t\t\t\t<\/div>\n\t\t\t\t<\/div>\n\t\t\t\t\t\t<\/div>\n\t\t\t\t\t<\/div>\n\t\t<\/div>\n\t\t\t\t<div class=\"elementor-column elementor-col-50 elementor-top-column elementor-element elementor-element-a956168\" data-id=\"a956168\" data-element_type=\"column\">\n\t\t\t<div class=\"elementor-column-wrap elementor-element-populated\">\n\t\t\t\t\t\t\t<div class=\"elementor-widget-wrap\">\n\t\t\t\t\t\t<div class=\"elementor-element elementor-element-8ac2cb0 elementor-widget elementor-widget-heading\" data-id=\"8ac2cb0\" data-element_type=\"widget\" data-widget_type=\"heading.default\">\n\t\t\t\t<div class=\"elementor-widget-container\">\n\t\t\t<h2 class=\"elementor-heading-title elementor-size-default\">Transportes Flores: Solucions d'emmagatzematge i picking per a empreses<\/h2>\t\t<\/div>\n\t\t\t\t<\/div>\n\t\t\t\t<div class=\"elementor-element elementor-element-e48e2d8 elementor-widget elementor-widget-text-editor\" data-id=\"e48e2d8\" data-element_type=\"widget\" data-widget_type=\"text-editor.default\">\n\t\t\t\t<div class=\"elementor-widget-container\">\n\t\t\t\t\t\t\t\t<div class=\"elementor-text-editor elementor-clearfix\">\n\t\t\t\t<p>A Transportes Flores no nom\u00e9s ens enfoquem en el transport de mercaderia, sin\u00f3 que tamb\u00e9 oferim serveis d&#8217;emmagatzematge i picking. El nostre servei d&#8217;emmagatzematge \u00e9s ideal per a empreses que necessiten un lloc segur i fiable per emmagatzemar la seva mercaderia abans de ser enviada a la destinaci\u00f3 final.<\/p>\n\t\t\t\t\t<\/div>\n\t\t\t\t\t\t<\/div>\n\t\t\t\t<\/div>\n\t\t\t\t<div class=\"elementor-element elementor-element-7c4c7e2 elementor-widget elementor-widget-text-editor\" data-id=\"7c4c7e2\" data-element_type=\"widget\" data-widget_type=\"text-editor.default\">\n\t\t\t\t<div class=\"elementor-widget-container\">\n\t\t\t\t\t\t\t\t<div class=\"elementor-text-editor elementor-clearfix\">\n\t\t\t\t<p>Comptem amb instal\u00b7lacions modernes i segures, equipades amb sistemes de vigil\u00e0ncia i control d&#8217;acc\u00e9s les 24 hores del dia. A m\u00e9s, oferim un servei de picking eficient, que et permet seleccionar i preparar les comandes amb rapidesa i precisi\u00f3. El nostre equip de professionals altament capacitats en log\u00edstica i emmagatzematge s&#8217;encarregar\u00e0 de manejar la teva mercaderia amb compte i assegurar-ne la integritat en tot moment.<\/p>\n\t\t\t\t\t<\/div>\n\t\t\t\t\t\t<\/div>\n\t\t\t\t<\/div>\n\t\t\t\t\t\t<\/div>\n\t\t\t\t\t<\/div>\n\t\t<\/div>\n\t\t\t\t\t\t\t\t<\/div>\n\t\t\t\t\t<\/div>\n\t\t<\/section>\n\t\t\t\t<section class=\"elementor-section elementor-top-section elementor-element elementor-element-5989623 elementor-section-boxed elementor-section-height-default elementor-section-height-default qodef-elementor-content-no\" data-id=\"5989623\" data-element_type=\"section\">\n\t\t\t\t\t\t<div class=\"elementor-container elementor-column-gap-default\">\n\t\t\t\t\t\t\t<div class=\"elementor-row\">\n\t\t\t\t\t<div class=\"elementor-column elementor-col-50 elementor-top-column elementor-element elementor-element-6db2e61\" data-id=\"6db2e61\" data-element_type=\"column\">\n\t\t\t<div class=\"elementor-column-wrap elementor-element-populated\">\n\t\t\t\t\t\t\t<div class=\"elementor-widget-wrap\">\n\t\t\t\t\t\t<div class=\"elementor-element elementor-element-b891563 elementor-widget elementor-widget-heading\" data-id=\"b891563\" data-element_type=\"widget\" data-widget_type=\"heading.default\">\n\t\t\t\t<div class=\"elementor-widget-container\">\n\t\t\t<h2 class=\"elementor-heading-title elementor-size-default\">Emmagatzematge i picking d'alta qualitat amb Transportes Flores<\/h2>\t\t<\/div>\n\t\t\t\t<\/div>\n\t\t\t\t<div class=\"elementor-element elementor-element-884cc17 elementor-widget elementor-widget-text-editor\" data-id=\"884cc17\" data-element_type=\"widget\" data-widget_type=\"text-editor.default\">\n\t\t\t\t<div class=\"elementor-widget-container\">\n\t\t\t\t\t\t\t\t<div class=\"elementor-text-editor elementor-clearfix\">\n\t\t\t\t<p>Si busques un servei d&#8217;emmagatzematge i picking fiable i segur, no dubtis a contactar amb Transportes Flores. Ens assegurarem que la teva mercaderia estigui emmagatzemada de manera segura i sigui preparada i enviada a la destinaci\u00f3 dins el termini i en la forma escaient.<\/p>\t\t\t\t\t<\/div>\n\t\t\t\t\t\t<\/div>\n\t\t\t\t<\/div>\n\t\t\t\t\t\t<\/div>\n\t\t\t\t\t<\/div>\n\t\t<\/div>\n\t\t\t\t<div class=\"elementor-column elementor-col-50 elementor-top-column elementor-element elementor-element-38202cb\" data-id=\"38202cb\" data-element_type=\"column\">\n\t\t\t<div class=\"elementor-column-wrap elementor-element-populated\">\n\t\t\t\t\t\t\t<div class=\"elementor-widget-wrap\">\n\t\t\t\t\t\t<div class=\"elementor-element elementor-element-b56542c elementor-widget elementor-widget-image\" data-id=\"b56542c\" data-element_type=\"widget\" data-widget_type=\"image.default\">\n\t\t\t\t<div class=\"elementor-widget-container\">\n\t\t\t\t\t\t\t\t<div class=\"elementor-image\">\n\t\t\t\t\t\t\t\t\t\t\t\t<img decoding=\"async\" width=\"800\" height=\"400\" src=\"http:\/\/www.mataroexpress.com\/wp-content\/uploads\/2023\/04\/picking_2.png\" class=\"attachment-full size-full wp-image-8050\" alt=\"\" srcset=\"http:\/\/www.mataroexpress.com\/wp-content\/uploads\/2023\/04\/picking_2.png 800w, http:\/\/www.mataroexpress.com\/wp-content\/uploads\/2023\/04\/picking_2-300x150.png 300w, http:\/\/www.mataroexpress.com\/wp-content\/uploads\/2023\/04\/picking_2-768x384.png 768w\" sizes=\"(max-width: 800px) 100vw, 800px\" \/>\t\t\t\t\t\t\t\t\t\t\t\t\t\t<\/div>\n\t\t\t\t\t\t<\/div>\n\t\t\t\t<\/div>\n\t\t\t\t\t\t<\/div>\n\t\t\t\t\t<\/div>\n\t\t<\/div>\n\t\t\t\t\t\t\t\t<\/div>\n\t\t\t\t\t<\/div>\n\t\t<\/section>\n\t\t\t\t\t\t\t\t\t<\/div>\n\t\t\t<\/div>\n\t\t\t\t\t<\/div>\n\t\t","protected":false},"excerpt":{"rendered":"<p>Transportes Flores: Solucions d&#8217;emmagatzematge i picking per a empreses A Transportes Flores no nom\u00e9s ens enfoquem en el transport de mercaderia, sin\u00f3 que tamb\u00e9 oferim serveis d&#8217;emmagatzematge i picking. El nostre servei d&#8217;emmagatzematge \u00e9s ideal per a empreses que necessiten un lloc segur i fiable per emmagatzemar la seva mercaderia abans de ser enviada a [&hellip;]<\/p>\n","protected":false},"author":1,"featured_media":0,"parent":0,"menu_order":0,"comment_status":"closed","ping_status":"closed","template":"page-full-width.php","meta":[],"yoast_head":"<!-- This site is optimized with the Yoast SEO plugin v20.5 - https:\/\/yoast.com\/wordpress\/plugins\/seo\/ -->\n<title>Emmagatzematge i picking - Transportes Mataro Express - Flores<\/title>\n<meta name=\"robots\" content=\"index, follow, max-snippet:-1, max-image-preview:large, max-video-preview:-1\" \/>\n<link rel=\"canonical\" href=\"http:\/\/www.mataroexpress.com\/ca\/emmagatzematge-i-picking\/\" \/>\n<meta property=\"og:locale\" content=\"ca_ES\" \/>\n<meta property=\"og:type\" content=\"article\" \/>\n<meta property=\"og:title\" content=\"Emmagatzematge i picking - Transportes Mataro Express - Flores\" \/>\n<meta property=\"og:description\" content=\"Transportes Flores: Solucions d&#8217;emmagatzematge i picking per a empreses A Transportes Flores no nom\u00e9s ens enfoquem en el transport de mercaderia, sin\u00f3 que tamb\u00e9 oferim serveis d&#8217;emmagatzematge i picking. El nostre servei d&#8217;emmagatzematge \u00e9s ideal per a empreses que necessiten un lloc segur i fiable per emmagatzemar la seva mercaderia abans de ser enviada a [&hellip;]\" \/>\n<meta property=\"og:url\" content=\"http:\/\/www.mataroexpress.com\/ca\/emmagatzematge-i-picking\/\" \/>\n<meta property=\"og:site_name\" content=\"Transportes Mataro Express - Flores\" \/>\n<meta property=\"article:modified_time\" content=\"2023-04-20T05:51:02+00:00\" \/>\n<meta property=\"og:image\" content=\"http:\/\/www.mataroexpress.com\/wp-content\/uploads\/2023\/04\/picking_1.png\" \/>\n<meta name=\"twitter:card\" content=\"summary_large_image\" \/>\n<meta name=\"twitter:label1\" content=\"Est. reading time\" \/>\n\t<meta name=\"twitter:data1\" content=\"2 minutes\" \/>\n<script type=\"application\/ld+json\" class=\"yoast-schema-graph\">{\"@context\":\"https:\/\/schema.org\",\"@graph\":[{\"@type\":\"WebPage\",\"@id\":\"http:\/\/www.mataroexpress.com\/ca\/emmagatzematge-i-picking\/\",\"url\":\"http:\/\/www.mataroexpress.com\/ca\/emmagatzematge-i-picking\/\",\"name\":\"Emmagatzematge i picking - Transportes Mataro Express - Flores\",\"isPartOf\":{\"@id\":\"http:\/\/www.mataroexpress.com\/ca\/#website\"},\"datePublished\":\"2023-04-12T10:03:49+00:00\",\"dateModified\":\"2023-04-20T05:51:02+00:00\",\"breadcrumb\":{\"@id\":\"http:\/\/www.mataroexpress.com\/ca\/emmagatzematge-i-picking\/#breadcrumb\"},\"inLanguage\":\"ca\",\"potentialAction\":[{\"@type\":\"ReadAction\",\"target\":[\"http:\/\/www.mataroexpress.com\/ca\/emmagatzematge-i-picking\/\"]}]},{\"@type\":\"BreadcrumbList\",\"@id\":\"http:\/\/www.mataroexpress.com\/ca\/emmagatzematge-i-picking\/#breadcrumb\",\"itemListElement\":[{\"@type\":\"ListItem\",\"position\":1,\"name\":\"Portada\",\"item\":\"http:\/\/www.mataroexpress.com\/ca\/\"},{\"@type\":\"ListItem\",\"position\":2,\"name\":\"Emmagatzematge i picking\"}]},{\"@type\":\"WebSite\",\"@id\":\"http:\/\/www.mataroexpress.com\/ca\/#website\",\"url\":\"http:\/\/www.mataroexpress.com\/ca\/\",\"name\":\"Transportes Mataro Express - Flores\",\"description\":\"Transportes Flores\",\"publisher\":{\"@id\":\"http:\/\/www.mataroexpress.com\/ca\/#organization\"},\"potentialAction\":[{\"@type\":\"SearchAction\",\"target\":{\"@type\":\"EntryPoint\",\"urlTemplate\":\"http:\/\/www.mataroexpress.com\/ca\/?s={search_term_string}\"},\"query-input\":\"required name=search_term_string\"}],\"inLanguage\":\"ca\"},{\"@type\":\"Organization\",\"@id\":\"http:\/\/www.mataroexpress.com\/ca\/#organization\",\"name\":\"Transportes Mataro Express - Flores\",\"url\":\"http:\/\/www.mataroexpress.com\/ca\/\",\"logo\":{\"@type\":\"ImageObject\",\"inLanguage\":\"ca\",\"@id\":\"http:\/\/www.mataroexpress.com\/ca\/#\/schema\/logo\/image\/\",\"url\":\"http:\/\/www.mataroexpress.com\/wp-content\/uploads\/2023\/04\/logo-removebg-preview.png\",\"contentUrl\":\"http:\/\/www.mataroexpress.com\/wp-content\/uploads\/2023\/04\/logo-removebg-preview.png\",\"width\":156,\"height\":104,\"caption\":\"Transportes Mataro Express - Flores\"},\"image\":{\"@id\":\"http:\/\/www.mataroexpress.com\/ca\/#\/schema\/logo\/image\/\"}}]}<\/script>\n<!-- \/ Yoast SEO plugin. -->","yoast_head_json":{"title":"Emmagatzematge i picking - Transportes Mataro Express - Flores","robots":{"index":"index","follow":"follow","max-snippet":"max-snippet:-1","max-image-preview":"max-image-preview:large","max-video-preview":"max-video-preview:-1"},"canonical":"http:\/\/www.mataroexpress.com\/ca\/emmagatzematge-i-picking\/","og_locale":"ca_ES","og_type":"article","og_title":"Emmagatzematge i picking - Transportes Mataro Express - Flores","og_description":"Transportes Flores: Solucions d&#8217;emmagatzematge i picking per a empreses A Transportes Flores no nom\u00e9s ens enfoquem en el transport de mercaderia, sin\u00f3 que tamb\u00e9 oferim serveis d&#8217;emmagatzematge i picking. El nostre servei d&#8217;emmagatzematge \u00e9s ideal per a empreses que necessiten un lloc segur i fiable per emmagatzemar la seva mercaderia abans de ser enviada a [&hellip;]","og_url":"http:\/\/www.mataroexpress.com\/ca\/emmagatzematge-i-picking\/","og_site_name":"Transportes Mataro Express - Flores","article_modified_time":"2023-04-20T05:51:02+00:00","og_image":[{"url":"http:\/\/www.mataroexpress.com\/wp-content\/uploads\/2023\/04\/picking_1.png"}],"twitter_card":"summary_large_image","twitter_misc":{"Est. reading time":"2 minutes"},"schema":{"@context":"https:\/\/schema.org","@graph":[{"@type":"WebPage","@id":"http:\/\/www.mataroexpress.com\/ca\/emmagatzematge-i-picking\/","url":"http:\/\/www.mataroexpress.com\/ca\/emmagatzematge-i-picking\/","name":"Emmagatzematge i picking - Transportes Mataro Express - Flores","isPartOf":{"@id":"http:\/\/www.mataroexpress.com\/ca\/#website"},"datePublished":"2023-04-12T10:03:49+00:00","dateModified":"2023-04-20T05:51:02+00:00","breadcrumb":{"@id":"http:\/\/www.mataroexpress.com\/ca\/emmagatzematge-i-picking\/#breadcrumb"},"inLanguage":"ca","potentialAction":[{"@type":"ReadAction","target":["http:\/\/www.mataroexpress.com\/ca\/emmagatzematge-i-picking\/"]}]},{"@type":"BreadcrumbList","@id":"http:\/\/www.mataroexpress.com\/ca\/emmagatzematge-i-picking\/#breadcrumb","itemListElement":[{"@type":"ListItem","position":1,"name":"Portada","item":"http:\/\/www.mataroexpress.com\/ca\/"},{"@type":"ListItem","position":2,"name":"Emmagatzematge i picking"}]},{"@type":"WebSite","@id":"http:\/\/www.mataroexpress.com\/ca\/#website","url":"http:\/\/www.mataroexpress.com\/ca\/","name":"Transportes Mataro Express - Flores","description":"Transportes Flores","publisher":{"@id":"http:\/\/www.mataroexpress.com\/ca\/#organization"},"potentialAction":[{"@type":"SearchAction","target":{"@type":"EntryPoint","urlTemplate":"http:\/\/www.mataroexpress.com\/ca\/?s={search_term_string}"},"query-input":"required name=search_term_string"}],"inLanguage":"ca"},{"@type":"Organization","@id":"http:\/\/www.mataroexpress.com\/ca\/#organization","name":"Transportes Mataro Express - Flores","url":"http:\/\/www.mataroexpress.com\/ca\/","logo":{"@type":"ImageObject","inLanguage":"ca","@id":"http:\/\/www.mataroexpress.com\/ca\/#\/schema\/logo\/image\/","url":"http:\/\/www.mataroexpress.com\/wp-content\/uploads\/2023\/04\/logo-removebg-preview.png","contentUrl":"http:\/\/www.mataroexpress.com\/wp-content\/uploads\/2023\/04\/logo-removebg-preview.png","width":156,"height":104,"caption":"Transportes Mataro Express - Flores"},"image":{"@id":"http:\/\/www.mataroexpress.com\/ca\/#\/schema\/logo\/image\/"}}]}},"_links":{"self":[{"href":"http:\/\/www.mataroexpress.com\/ca\/wp-json\/wp\/v2\/pages\/8425"}],"collection":[{"href":"http:\/\/www.mataroexpress.com\/ca\/wp-json\/wp\/v2\/pages"}],"about":[{"href":"http:\/\/www.mataroexpress.com\/ca\/wp-json\/wp\/v2\/types\/page"}],"author":[{"embeddable":true,"href":"http:\/\/www.mataroexpress.com\/ca\/wp-json\/wp\/v2\/users\/1"}],"replies":[{"embeddable":true,"href":"http:\/\/www.mataroexpress.com\/ca\/wp-json\/wp\/v2\/comments?post=8425"}],"version-history":[{"count":7,"href":"http:\/\/www.mataroexpress.com\/ca\/wp-json\/wp\/v2\/pages\/8425\/revisions"}],"predecessor-version":[{"id":8502,"href":"http:\/\/www.mataroexpress.com\/ca\/wp-json\/wp\/v2\/pages\/8425\/revisions\/8502"}],"wp:attachment":[{"href":"http:\/\/www.mataroexpress.com\/ca\/wp-json\/wp\/v2\/media?parent=8425"}],"curies":[{"name":"wp","href":"https:\/\/api.w.org\/{rel}","templated":true}]}}