{"id":8427,"date":"2021-08-06T14:54:56","date_gmt":"2021-08-06T14:54:56","guid":{"rendered":"https:\/\/www.mataroexpress.com\/serveis\/"},"modified":"2023-04-20T06:01:13","modified_gmt":"2023-04-20T06:01:13","slug":"serveis","status":"publish","type":"page","link":"http:\/\/www.mataroexpress.com\/ca\/serveis\/","title":{"rendered":"Serveis"},"content":{"rendered":"\t\t<div data-elementor-type=\"wp-page\" data-elementor-id=\"8427\" class=\"elementor elementor-8427 elementor-2640\">\n\t\t\t\t\t\t<div class=\"elementor-inner\">\n\t\t\t\t<div class=\"elementor-section-wrap\">\n\t\t\t\t\t\t\t\t\t<section class=\"elementor-section elementor-top-section elementor-element elementor-element-1b15594 elementor-section-boxed elementor-section-height-default elementor-section-height-default qodef-elementor-content-no\" data-id=\"1b15594\" data-element_type=\"section\" data-settings=\"{&quot;background_background&quot;:&quot;classic&quot;}\">\n\t\t\t\t\t\t<div class=\"elementor-container elementor-column-gap-default\">\n\t\t\t\t\t\t\t<div class=\"elementor-row\">\n\t\t\t\t\t<div class=\"elementor-column elementor-col-100 elementor-top-column elementor-element elementor-element-4df09cb\" data-id=\"4df09cb\" data-element_type=\"column\">\n\t\t\t<div class=\"elementor-column-wrap elementor-element-populated\">\n\t\t\t\t\t\t\t<div class=\"elementor-widget-wrap\">\n\t\t\t\t\t\t<div class=\"elementor-element elementor-element-d5ff890 elementor-widget elementor-widget-heading\" data-id=\"d5ff890\" data-element_type=\"widget\" data-widget_type=\"heading.default\">\n\t\t\t\t<div class=\"elementor-widget-container\">\n\t\t\t<h1 class=\"elementor-heading-title elementor-size-default\">Serveis<\/h1>\t\t<\/div>\n\t\t\t\t<\/div>\n\t\t\t\t\t\t<\/div>\n\t\t\t\t\t<\/div>\n\t\t<\/div>\n\t\t\t\t\t\t\t\t<\/div>\n\t\t\t\t\t<\/div>\n\t\t<\/section>\n\t\t\t\t<section class=\"elementor-section elementor-top-section elementor-element elementor-element-70ca442 elementor-section-boxed elementor-section-height-default elementor-section-height-default qodef-elementor-content-no\" data-id=\"70ca442\" data-element_type=\"section\" data-settings=\"{&quot;background_background&quot;:&quot;classic&quot;}\">\n\t\t\t\t\t\t<div class=\"elementor-container elementor-column-gap-no\">\n\t\t\t\t\t\t\t<div class=\"elementor-row\">\n\t\t\t\t\t<div class=\"elementor-column elementor-col-100 elementor-top-column elementor-element elementor-element-f4dab51\" data-id=\"f4dab51\" data-element_type=\"column\">\n\t\t\t<div class=\"elementor-column-wrap elementor-element-populated\">\n\t\t\t\t\t\t\t<div class=\"elementor-widget-wrap\">\n\t\t\t\t\t\t<div class=\"elementor-element elementor-element-29f76b5 elementor-widget elementor-widget-globefarer_core_divided_image_info\" data-id=\"29f76b5\" data-element_type=\"widget\" data-widget_type=\"globefarer_core_divided_image_info.default\">\n\t\t\t\t<div class=\"elementor-widget-container\">\n\t\t\t<div class=\"qodef-shortcode qodef-m  qodef-divided-image-info qodef-layout--image-left qodef-separator--on qodef-vertically-centered--on qodef-breakpoint--1024 qodef-appear-animation--no \">\n\t\t<div class=\"qodef-m-image\" style=\"width: 51.5%;padding-right: 3%\">\n\t\t<img width=\"800\" height=\"400\" src=\"http:\/\/www.mataroexpress.com\/wp-content\/uploads\/2023\/04\/serv_ropa.png\" class=\"attachment-full size-full\" alt=\"\" decoding=\"async\" srcset=\"http:\/\/www.mataroexpress.com\/wp-content\/uploads\/2023\/04\/serv_ropa.png 800w, http:\/\/www.mataroexpress.com\/wp-content\/uploads\/2023\/04\/serv_ropa-300x150.png 300w, http:\/\/www.mataroexpress.com\/wp-content\/uploads\/2023\/04\/serv_ropa-768x384.png 768w\" sizes=\"(max-width: 800px) 100vw, 800px\" \/>\t<\/div>\n<div class=\"qodef-m-content\" style=\"margin-top: 0px;padding-left: 4%\">\n\t\t\t<h2 itemprop=\"name\" class=\"qodef-m-title\" style=\"margin-bottom: 29px\">\n\tServei de roba penjada\t<\/h2>\n\t<p class=\"qodef-m-text\" >\n\t\tLa teva roba penjada sempre arribar\u00e0 al seu dest\u00ed en perfectes condicions amb Transportes Flores\t<\/p>\n\t<a class=\"qodef-shortcode qodef-m qodef-m-button qodef-button qodef-layout--textual  qodef-html--link\" href=\"https:\/\/www.mataroexpress.com\/ca\/roba-penjada\/\" target=\"_self\"  >\t\t\t<span class=\"qodef-m-button-icon\"><svg class=\"qodef-svg--plus\" xmlns=\"http:\/\/www.w3.org\/2000\/svg\" xmlns:xlink=\"http:\/\/www.w3.org\/1999\/xlink\" width=\"14\" height=\"14\" viewBox=\"0 0 14 14\"><path class=\"qodef-m-horizontal\" d=\"M0,0H14V2H0Z\" transform=\"translate(0 6)\" \/><path class=\"qodef-m-vertical\" d=\"M0,0H2V14H0Z\" transform=\"translate(6)\" \/><\/svg><\/span>\t\t\t\t<span class=\"qodef-m-button-text\">Veure m\u00e9s<br \/><\/span>\t<\/a><\/div>\n<\/div>\n\t\t<\/div>\n\t\t\t\t<\/div>\n\t\t\t\t\t\t<\/div>\n\t\t\t\t\t<\/div>\n\t\t<\/div>\n\t\t\t\t\t\t\t\t<\/div>\n\t\t\t\t\t<\/div>\n\t\t<\/section>\n\t\t\t\t<section class=\"elementor-section elementor-top-section elementor-element elementor-element-7fc3498 elementor-section-boxed elementor-section-height-default elementor-section-height-default qodef-elementor-content-no\" data-id=\"7fc3498\" data-element_type=\"section\" data-settings=\"{&quot;background_background&quot;:&quot;classic&quot;}\">\n\t\t\t\t\t\t<div class=\"elementor-container elementor-column-gap-no\">\n\t\t\t\t\t\t\t<div class=\"elementor-row\">\n\t\t\t\t\t<div class=\"elementor-column elementor-col-100 elementor-top-column elementor-element elementor-element-81c4909\" data-id=\"81c4909\" data-element_type=\"column\">\n\t\t\t<div class=\"elementor-column-wrap elementor-element-populated\">\n\t\t\t\t\t\t\t<div class=\"elementor-widget-wrap\">\n\t\t\t\t\t\t<div class=\"elementor-element elementor-element-6aa73b2 elementor-widget elementor-widget-globefarer_core_divided_image_info\" data-id=\"6aa73b2\" data-element_type=\"widget\" data-widget_type=\"globefarer_core_divided_image_info.default\">\n\t\t\t\t<div class=\"elementor-widget-container\">\n\t\t\t<div class=\"qodef-shortcode qodef-m  qodef-divided-image-info qodef-layout--image-right qodef-separator--on qodef-vertically-centered--on qodef-breakpoint--1024 qodef-appear-animation--no \">\n\t<div class=\"qodef-m-content\" style=\"margin-top: 0px;padding-left: 4%\">\n\t\t\t<h2 itemprop=\"name\" class=\"qodef-m-title\" style=\"margin-bottom: 29px\">\n\tPaqueteria a grans superf\u00edcies\t<\/h2>\n\t<p class=\"qodef-m-text\" >\n\t\tA Transportes Flores ens assegurem que els teus enviaments arribin a temps i en perfecte estat a les grans superf\u00edcies\t<\/p>\n\t<a class=\"qodef-shortcode qodef-m qodef-m-button qodef-button qodef-layout--textual  qodef-html--link\" href=\"https:\/\/www.mataroexpress.com\/ca\/paqueteria-a-grans-superficies\/\" target=\"_self\"  >\t\t\t<span class=\"qodef-m-button-icon\"><svg class=\"qodef-svg--plus\" xmlns=\"http:\/\/www.w3.org\/2000\/svg\" xmlns:xlink=\"http:\/\/www.w3.org\/1999\/xlink\" width=\"14\" height=\"14\" viewBox=\"0 0 14 14\"><path class=\"qodef-m-horizontal\" d=\"M0,0H14V2H0Z\" transform=\"translate(0 6)\" \/><path class=\"qodef-m-vertical\" d=\"M0,0H2V14H0Z\" transform=\"translate(6)\" \/><\/svg><\/span>\t\t\t\t<span class=\"qodef-m-button-text\">Veure m\u00e9s<br \/><\/span>\t<\/a><\/div>\n\t<div class=\"qodef-m-image\" style=\"width: 51.5%;padding-right: 3%\">\n\t\t<img width=\"800\" height=\"425\" src=\"http:\/\/www.mataroexpress.com\/wp-content\/uploads\/2023\/04\/home_serv_paqueteria.jpg\" class=\"attachment-full size-full\" alt=\"\" decoding=\"async\" srcset=\"http:\/\/www.mataroexpress.com\/wp-content\/uploads\/2023\/04\/home_serv_paqueteria.jpg 800w, http:\/\/www.mataroexpress.com\/wp-content\/uploads\/2023\/04\/home_serv_paqueteria-300x159.jpg 300w, http:\/\/www.mataroexpress.com\/wp-content\/uploads\/2023\/04\/home_serv_paqueteria-768x408.jpg 768w\" sizes=\"(max-width: 800px) 100vw, 800px\" \/>\t<\/div>\n<\/div>\n\t\t<\/div>\n\t\t\t\t<\/div>\n\t\t\t\t\t\t<\/div>\n\t\t\t\t\t<\/div>\n\t\t<\/div>\n\t\t\t\t\t\t\t\t<\/div>\n\t\t\t\t\t<\/div>\n\t\t<\/section>\n\t\t\t\t<section class=\"elementor-section elementor-top-section elementor-element elementor-element-1b73f0c elementor-section-boxed elementor-section-height-default elementor-section-height-default qodef-elementor-content-no\" data-id=\"1b73f0c\" data-element_type=\"section\" data-settings=\"{&quot;background_background&quot;:&quot;classic&quot;}\">\n\t\t\t\t\t\t<div class=\"elementor-container elementor-column-gap-no\">\n\t\t\t\t\t\t\t<div class=\"elementor-row\">\n\t\t\t\t\t<div class=\"elementor-column elementor-col-100 elementor-top-column elementor-element elementor-element-242cdfb\" data-id=\"242cdfb\" data-element_type=\"column\">\n\t\t\t<div class=\"elementor-column-wrap elementor-element-populated\">\n\t\t\t\t\t\t\t<div class=\"elementor-widget-wrap\">\n\t\t\t\t\t\t<div class=\"elementor-element elementor-element-6a8ef4a elementor-widget elementor-widget-globefarer_core_divided_image_info\" data-id=\"6a8ef4a\" data-element_type=\"widget\" data-widget_type=\"globefarer_core_divided_image_info.default\">\n\t\t\t\t<div class=\"elementor-widget-container\">\n\t\t\t<div class=\"qodef-shortcode qodef-m  qodef-divided-image-info qodef-layout--image-left qodef-separator--on qodef-vertically-centered--on qodef-breakpoint--1024 qodef-appear-animation--no \">\n\t\t<div class=\"qodef-m-image\" style=\"width: 51.5%;padding-right: 3%\">\n\t\t<img width=\"800\" height=\"425\" src=\"http:\/\/www.mataroexpress.com\/wp-content\/uploads\/2023\/04\/home_serv_picking.jpg\" class=\"attachment-full size-full\" alt=\"\" decoding=\"async\" srcset=\"http:\/\/www.mataroexpress.com\/wp-content\/uploads\/2023\/04\/home_serv_picking.jpg 800w, http:\/\/www.mataroexpress.com\/wp-content\/uploads\/2023\/04\/home_serv_picking-300x159.jpg 300w, http:\/\/www.mataroexpress.com\/wp-content\/uploads\/2023\/04\/home_serv_picking-768x408.jpg 768w\" sizes=\"(max-width: 800px) 100vw, 800px\" \/>\t<\/div>\n<div class=\"qodef-m-content\" style=\"margin-top: 0px;padding-left: 4%\">\n\t\t\t<h2 itemprop=\"name\" class=\"qodef-m-title\" style=\"margin-bottom: 29px\">\n\tEmmagatzematge i picking\t<\/h2>\n\t<p class=\"qodef-m-text\" >\n\t\tEmmagatzema i prepara la teva mercaderia amb seguretat i efici\u00e8ncia gr\u00e0cies al servei d&#039;emmagatzematge i picking de Transportes Flores\t<\/p>\n\t<a class=\"qodef-shortcode qodef-m qodef-m-button qodef-button qodef-layout--textual  qodef-html--link\" href=\"https:\/\/www.mataroexpress.com\/ca\/emmagatzematge-i-picking\/\" target=\"_self\"  >\t\t\t<span class=\"qodef-m-button-icon\"><svg class=\"qodef-svg--plus\" xmlns=\"http:\/\/www.w3.org\/2000\/svg\" xmlns:xlink=\"http:\/\/www.w3.org\/1999\/xlink\" width=\"14\" height=\"14\" viewBox=\"0 0 14 14\"><path class=\"qodef-m-horizontal\" d=\"M0,0H14V2H0Z\" transform=\"translate(0 6)\" \/><path class=\"qodef-m-vertical\" d=\"M0,0H2V14H0Z\" transform=\"translate(6)\" \/><\/svg><\/span>\t\t\t\t<span class=\"qodef-m-button-text\">Veure m\u00e9s<br \/><\/span>\t<\/a><\/div>\n<\/div>\n\t\t<\/div>\n\t\t\t\t<\/div>\n\t\t\t\t\t\t<\/div>\n\t\t\t\t\t<\/div>\n\t\t<\/div>\n\t\t\t\t\t\t\t\t<\/div>\n\t\t\t\t\t<\/div>\n\t\t<\/section>\n\t\t\t\t\t\t\t\t\t<\/div>\n\t\t\t<\/div>\n\t\t\t\t\t<\/div>\n\t\t","protected":false},"excerpt":{"rendered":"<p>Servei de roba penjada La teva roba penjada sempre arribar\u00e0 al seu dest\u00ed en perfectes condicions amb Transportes Flores Veure m\u00e9s Paqueteria a grans superf\u00edcies A Transportes Flores ens assegurem que els teus enviaments arribin a temps i en perfecte estat a les grans superf\u00edcies Veure m\u00e9s Emmagatzematge i picking Emmagatzema i prepara la teva [&hellip;]<\/p>\n","protected":false},"author":1,"featured_media":0,"parent":0,"menu_order":0,"comment_status":"closed","ping_status":"closed","template":"page-full-width.php","meta":[],"yoast_head":"<!-- This site is optimized with the Yoast SEO plugin v20.5 - https:\/\/yoast.com\/wordpress\/plugins\/seo\/ -->\n<title>Serveis - Transportes Mataro Express - Flores<\/title>\n<meta name=\"robots\" content=\"index, follow, max-snippet:-1, max-image-preview:large, max-video-preview:-1\" \/>\n<link rel=\"canonical\" href=\"http:\/\/www.mataroexpress.com\/ca\/serveis\/\" \/>\n<meta property=\"og:locale\" content=\"ca_ES\" \/>\n<meta property=\"og:type\" content=\"article\" \/>\n<meta property=\"og:title\" content=\"Serveis - Transportes Mataro Express - Flores\" \/>\n<meta property=\"og:description\" content=\"Servei de roba penjada La teva roba penjada sempre arribar\u00e0 al seu dest\u00ed en perfectes condicions amb Transportes Flores Veure m\u00e9s Paqueteria a grans superf\u00edcies A Transportes Flores ens assegurem que els teus enviaments arribin a temps i en perfecte estat a les grans superf\u00edcies Veure m\u00e9s Emmagatzematge i picking Emmagatzema i prepara la teva [&hellip;]\" \/>\n<meta property=\"og:url\" content=\"http:\/\/www.mataroexpress.com\/ca\/serveis\/\" \/>\n<meta property=\"og:site_name\" content=\"Transportes Mataro Express - Flores\" \/>\n<meta property=\"article:modified_time\" content=\"2023-04-20T06:01:13+00:00\" \/>\n<meta property=\"og:image\" content=\"http:\/\/www.mataroexpress.com\/wp-content\/uploads\/2023\/04\/serv_ropa.png\" \/>\n<meta name=\"twitter:card\" content=\"summary_large_image\" \/>\n<meta name=\"twitter:label1\" content=\"Est. reading time\" \/>\n\t<meta name=\"twitter:data1\" content=\"1 minute\" \/>\n<script type=\"application\/ld+json\" class=\"yoast-schema-graph\">{\"@context\":\"https:\/\/schema.org\",\"@graph\":[{\"@type\":\"WebPage\",\"@id\":\"http:\/\/www.mataroexpress.com\/ca\/serveis\/\",\"url\":\"http:\/\/www.mataroexpress.com\/ca\/serveis\/\",\"name\":\"Serveis - Transportes Mataro Express - Flores\",\"isPartOf\":{\"@id\":\"https:\/\/www.mataroexpress.com\/ca\/#website\"},\"datePublished\":\"2021-08-06T14:54:56+00:00\",\"dateModified\":\"2023-04-20T06:01:13+00:00\",\"breadcrumb\":{\"@id\":\"http:\/\/www.mataroexpress.com\/ca\/serveis\/#breadcrumb\"},\"inLanguage\":\"ca\",\"potentialAction\":[{\"@type\":\"ReadAction\",\"target\":[\"http:\/\/www.mataroexpress.com\/ca\/serveis\/\"]}]},{\"@type\":\"BreadcrumbList\",\"@id\":\"http:\/\/www.mataroexpress.com\/ca\/serveis\/#breadcrumb\",\"itemListElement\":[{\"@type\":\"ListItem\",\"position\":1,\"name\":\"Portada\",\"item\":\"http:\/\/www.mataroexpress.com\/ca\/\"},{\"@type\":\"ListItem\",\"position\":2,\"name\":\"Serveis\"}]},{\"@type\":\"WebSite\",\"@id\":\"https:\/\/www.mataroexpress.com\/ca\/#website\",\"url\":\"https:\/\/www.mataroexpress.com\/ca\/\",\"name\":\"Transportes Mataro Express - Flores\",\"description\":\"Transportes Flores\",\"publisher\":{\"@id\":\"https:\/\/www.mataroexpress.com\/ca\/#organization\"},\"potentialAction\":[{\"@type\":\"SearchAction\",\"target\":{\"@type\":\"EntryPoint\",\"urlTemplate\":\"https:\/\/www.mataroexpress.com\/ca\/?s={search_term_string}\"},\"query-input\":\"required name=search_term_string\"}],\"inLanguage\":\"ca\"},{\"@type\":\"Organization\",\"@id\":\"https:\/\/www.mataroexpress.com\/ca\/#organization\",\"name\":\"Transportes Mataro Express - Flores\",\"url\":\"https:\/\/www.mataroexpress.com\/ca\/\",\"logo\":{\"@type\":\"ImageObject\",\"inLanguage\":\"ca\",\"@id\":\"https:\/\/www.mataroexpress.com\/ca\/#\/schema\/logo\/image\/\",\"url\":\"http:\/\/www.mataroexpress.com\/wp-content\/uploads\/2023\/04\/logo-removebg-preview.png\",\"contentUrl\":\"http:\/\/www.mataroexpress.com\/wp-content\/uploads\/2023\/04\/logo-removebg-preview.png\",\"width\":156,\"height\":104,\"caption\":\"Transportes Mataro Express - Flores\"},\"image\":{\"@id\":\"https:\/\/www.mataroexpress.com\/ca\/#\/schema\/logo\/image\/\"}}]}<\/script>\n<!-- \/ Yoast SEO plugin. -->","yoast_head_json":{"title":"Serveis - Transportes Mataro Express - Flores","robots":{"index":"index","follow":"follow","max-snippet":"max-snippet:-1","max-image-preview":"max-image-preview:large","max-video-preview":"max-video-preview:-1"},"canonical":"http:\/\/www.mataroexpress.com\/ca\/serveis\/","og_locale":"ca_ES","og_type":"article","og_title":"Serveis - Transportes Mataro Express - Flores","og_description":"Servei de roba penjada La teva roba penjada sempre arribar\u00e0 al seu dest\u00ed en perfectes condicions amb Transportes Flores Veure m\u00e9s Paqueteria a grans superf\u00edcies A Transportes Flores ens assegurem que els teus enviaments arribin a temps i en perfecte estat a les grans superf\u00edcies Veure m\u00e9s Emmagatzematge i picking Emmagatzema i prepara la teva [&hellip;]","og_url":"http:\/\/www.mataroexpress.com\/ca\/serveis\/","og_site_name":"Transportes Mataro Express - Flores","article_modified_time":"2023-04-20T06:01:13+00:00","og_image":[{"url":"http:\/\/www.mataroexpress.com\/wp-content\/uploads\/2023\/04\/serv_ropa.png"}],"twitter_card":"summary_large_image","twitter_misc":{"Est. reading time":"1 minute"},"schema":{"@context":"https:\/\/schema.org","@graph":[{"@type":"WebPage","@id":"http:\/\/www.mataroexpress.com\/ca\/serveis\/","url":"http:\/\/www.mataroexpress.com\/ca\/serveis\/","name":"Serveis - Transportes Mataro Express - Flores","isPartOf":{"@id":"https:\/\/www.mataroexpress.com\/ca\/#website"},"datePublished":"2021-08-06T14:54:56+00:00","dateModified":"2023-04-20T06:01:13+00:00","breadcrumb":{"@id":"http:\/\/www.mataroexpress.com\/ca\/serveis\/#breadcrumb"},"inLanguage":"ca","potentialAction":[{"@type":"ReadAction","target":["http:\/\/www.mataroexpress.com\/ca\/serveis\/"]}]},{"@type":"BreadcrumbList","@id":"http:\/\/www.mataroexpress.com\/ca\/serveis\/#breadcrumb","itemListElement":[{"@type":"ListItem","position":1,"name":"Portada","item":"http:\/\/www.mataroexpress.com\/ca\/"},{"@type":"ListItem","position":2,"name":"Serveis"}]},{"@type":"WebSite","@id":"https:\/\/www.mataroexpress.com\/ca\/#website","url":"https:\/\/www.mataroexpress.com\/ca\/","name":"Transportes Mataro Express - Flores","description":"Transportes Flores","publisher":{"@id":"https:\/\/www.mataroexpress.com\/ca\/#organization"},"potentialAction":[{"@type":"SearchAction","target":{"@type":"EntryPoint","urlTemplate":"https:\/\/www.mataroexpress.com\/ca\/?s={search_term_string}"},"query-input":"required name=search_term_string"}],"inLanguage":"ca"},{"@type":"Organization","@id":"https:\/\/www.mataroexpress.com\/ca\/#organization","name":"Transportes Mataro Express - Flores","url":"https:\/\/www.mataroexpress.com\/ca\/","logo":{"@type":"ImageObject","inLanguage":"ca","@id":"https:\/\/www.mataroexpress.com\/ca\/#\/schema\/logo\/image\/","url":"http:\/\/www.mataroexpress.com\/wp-content\/uploads\/2023\/04\/logo-removebg-preview.png","contentUrl":"http:\/\/www.mataroexpress.com\/wp-content\/uploads\/2023\/04\/logo-removebg-preview.png","width":156,"height":104,"caption":"Transportes Mataro Express - Flores"},"image":{"@id":"https:\/\/www.mataroexpress.com\/ca\/#\/schema\/logo\/image\/"}}]}},"_links":{"self":[{"href":"http:\/\/www.mataroexpress.com\/ca\/wp-json\/wp\/v2\/pages\/8427"}],"collection":[{"href":"http:\/\/www.mataroexpress.com\/ca\/wp-json\/wp\/v2\/pages"}],"about":[{"href":"http:\/\/www.mataroexpress.com\/ca\/wp-json\/wp\/v2\/types\/page"}],"author":[{"embeddable":true,"href":"http:\/\/www.mataroexpress.com\/ca\/wp-json\/wp\/v2\/users\/1"}],"replies":[{"embeddable":true,"href":"http:\/\/www.mataroexpress.com\/ca\/wp-json\/wp\/v2\/comments?post=8427"}],"version-history":[{"count":7,"href":"http:\/\/www.mataroexpress.com\/ca\/wp-json\/wp\/v2\/pages\/8427\/revisions"}],"predecessor-version":[{"id":8519,"href":"http:\/\/www.mataroexpress.com\/ca\/wp-json\/wp\/v2\/pages\/8427\/revisions\/8519"}],"wp:attachment":[{"href":"http:\/\/www.mataroexpress.com\/ca\/wp-json\/wp\/v2\/media?parent=8427"}],"curies":[{"name":"wp","href":"https:\/\/api.w.org\/{rel}","templated":true}]}}