{"id":8429,"date":"2021-08-06T14:15:13","date_gmt":"2021-08-06T14:15:13","guid":{"rendered":"https:\/\/www.mataroexpress.com\/nosaltres\/"},"modified":"2023-04-20T05:57:26","modified_gmt":"2023-04-20T05:57:26","slug":"nosaltres","status":"publish","type":"page","link":"http:\/\/www.mataroexpress.com\/ca\/nosaltres\/","title":{"rendered":"Nosaltres"},"content":{"rendered":"\t\t<div data-elementor-type=\"wp-page\" data-elementor-id=\"8429\" class=\"elementor elementor-8429 elementor-2602\">\n\t\t\t\t\t\t<div class=\"elementor-inner\">\n\t\t\t\t<div class=\"elementor-section-wrap\">\n\t\t\t\t\t\t\t\t\t<section class=\"elementor-section elementor-top-section elementor-element elementor-element-e3b357e elementor-section-boxed elementor-section-height-default elementor-section-height-default qodef-elementor-content-no\" data-id=\"e3b357e\" data-element_type=\"section\" data-settings=\"{&quot;background_background&quot;:&quot;classic&quot;}\">\n\t\t\t\t\t\t<div class=\"elementor-container elementor-column-gap-default\">\n\t\t\t\t\t\t\t<div class=\"elementor-row\">\n\t\t\t\t\t<div class=\"elementor-column elementor-col-100 elementor-top-column elementor-element elementor-element-36b913b\" data-id=\"36b913b\" data-element_type=\"column\">\n\t\t\t<div class=\"elementor-column-wrap elementor-element-populated\">\n\t\t\t\t\t\t\t<div class=\"elementor-widget-wrap\">\n\t\t\t\t\t\t<div class=\"elementor-element elementor-element-de02f41 elementor-widget elementor-widget-heading\" data-id=\"de02f41\" data-element_type=\"widget\" data-widget_type=\"heading.default\">\n\t\t\t\t<div class=\"elementor-widget-container\">\n\t\t\t<h1 class=\"elementor-heading-title elementor-size-default\">Nosaltres<\/h1>\t\t<\/div>\n\t\t\t\t<\/div>\n\t\t\t\t\t\t<\/div>\n\t\t\t\t\t<\/div>\n\t\t<\/div>\n\t\t\t\t\t\t\t\t<\/div>\n\t\t\t\t\t<\/div>\n\t\t<\/section>\n\t\t\t\t<section class=\"elementor-section elementor-top-section elementor-element elementor-element-104b3ce elementor-section-boxed elementor-section-height-default elementor-section-height-default qodef-elementor-content-no\" data-id=\"104b3ce\" data-element_type=\"section\">\n\t\t\t\t\t\t<div class=\"elementor-container elementor-column-gap-default\">\n\t\t\t\t\t\t\t<div class=\"elementor-row\">\n\t\t\t\t\t<div class=\"elementor-column elementor-col-50 elementor-top-column elementor-element elementor-element-8638699\" data-id=\"8638699\" data-element_type=\"column\">\n\t\t\t<div class=\"elementor-column-wrap elementor-element-populated\">\n\t\t\t\t\t\t\t<div class=\"elementor-widget-wrap\">\n\t\t\t\t\t\t<div class=\"elementor-element elementor-element-8ab0267 elementor-widget elementor-widget-heading\" data-id=\"8ab0267\" data-element_type=\"widget\" data-widget_type=\"heading.default\">\n\t\t\t\t<div class=\"elementor-widget-container\">\n\t\t\t<h2 class=\"elementor-heading-title elementor-size-default\">Transportes Flores, la soluci\u00f3 m\u00e9s r\u00e0pida i fiable per als teus enviaments urgents<\/h2>\t\t<\/div>\n\t\t\t\t<\/div>\n\t\t\t\t<div class=\"elementor-element elementor-element-02fe61c elementor-widget elementor-widget-text-editor\" data-id=\"02fe61c\" data-element_type=\"widget\" data-widget_type=\"text-editor.default\">\n\t\t\t\t<div class=\"elementor-widget-container\">\n\t\t\t\t\t\t\t\t<div class=\"elementor-text-editor elementor-clearfix\">\n\t\t\t\t<p>A Transportes Flores, estem compromesos amb brindar un servei de transport de qualitat, eficient i puntual als nostres clients. Amb la nostra ubicaci\u00f3 a Matar\u00f3 (Barcelona), oferim un servei directe a Barcelona i Madrid en tan sols 24 hores, perqu\u00e8 els teus enviaments arribin a la destinaci\u00f3 en el menor temps possible.<\/p>\n<p>La nostra empresa ofereix serveis de transport per a roba penjada, paqueteria a Grans superf\u00edcies i emmagatzematge i picking. Ja sigui que necessitis transportar grans volums de mercaderia o enviaments m\u00e9s petits, estem preparats per atendre les teves necessitats.<\/p><\/p>\n\t\t\t\t\t<\/div>\n\t\t\t\t\t\t<\/div>\n\t\t\t\t<\/div>\n\t\t\t\t\t\t<\/div>\n\t\t\t\t\t<\/div>\n\t\t<\/div>\n\t\t\t\t<div class=\"elementor-column elementor-col-50 elementor-top-column elementor-element elementor-element-674233b\" data-id=\"674233b\" data-element_type=\"column\" data-settings=\"{&quot;background_background&quot;:&quot;classic&quot;}\">\n\t\t\t<div class=\"elementor-column-wrap elementor-element-populated\">\n\t\t\t\t\t\t\t<div class=\"elementor-widget-wrap\">\n\t\t\t\t\t\t<div class=\"elementor-element elementor-element-5d262d0 elementor-widget elementor-widget-spacer\" data-id=\"5d262d0\" data-element_type=\"widget\" data-widget_type=\"spacer.default\">\n\t\t\t\t<div class=\"elementor-widget-container\">\n\t\t\t\t\t<div class=\"elementor-spacer\">\n\t\t\t<div class=\"elementor-spacer-inner\"><\/div>\n\t\t<\/div>\n\t\t\t\t<\/div>\n\t\t\t\t<\/div>\n\t\t\t\t\t\t<\/div>\n\t\t\t\t\t<\/div>\n\t\t<\/div>\n\t\t\t\t\t\t\t\t<\/div>\n\t\t\t\t\t<\/div>\n\t\t<\/section>\n\t\t\t\t<section class=\"elementor-section elementor-top-section elementor-element elementor-element-3b9e8c7 elementor-section-boxed elementor-section-height-default elementor-section-height-default qodef-elementor-content-no\" data-id=\"3b9e8c7\" data-element_type=\"section\">\n\t\t\t\t\t\t<div class=\"elementor-container elementor-column-gap-default\">\n\t\t\t\t\t\t\t<div class=\"elementor-row\">\n\t\t\t\t\t<div class=\"elementor-column elementor-col-50 elementor-top-column elementor-element elementor-element-eca2ef2\" data-id=\"eca2ef2\" data-element_type=\"column\" data-settings=\"{&quot;background_background&quot;:&quot;classic&quot;}\">\n\t\t\t<div class=\"elementor-column-wrap elementor-element-populated\">\n\t\t\t\t\t\t\t<div class=\"elementor-widget-wrap\">\n\t\t\t\t\t\t<div class=\"elementor-element elementor-element-8f0319d elementor-widget elementor-widget-spacer\" data-id=\"8f0319d\" data-element_type=\"widget\" data-widget_type=\"spacer.default\">\n\t\t\t\t<div class=\"elementor-widget-container\">\n\t\t\t\t\t<div class=\"elementor-spacer\">\n\t\t\t<div class=\"elementor-spacer-inner\"><\/div>\n\t\t<\/div>\n\t\t\t\t<\/div>\n\t\t\t\t<\/div>\n\t\t\t\t\t\t<\/div>\n\t\t\t\t\t<\/div>\n\t\t<\/div>\n\t\t\t\t<div class=\"elementor-column elementor-col-50 elementor-top-column elementor-element elementor-element-b069a94\" data-id=\"b069a94\" data-element_type=\"column\">\n\t\t\t<div class=\"elementor-column-wrap elementor-element-populated\">\n\t\t\t\t\t\t\t<div class=\"elementor-widget-wrap\">\n\t\t\t\t\t\t<div class=\"elementor-element elementor-element-ad3c9e3 elementor-widget elementor-widget-text-editor\" data-id=\"ad3c9e3\" data-element_type=\"widget\" data-widget_type=\"text-editor.default\">\n\t\t\t\t<div class=\"elementor-widget-container\">\n\t\t\t\t\t\t\t\t<div class=\"elementor-text-editor elementor-clearfix\">\n\t\t\t\t<p>A Transportes Flores, sabem que cada enviament \u00e9s important, per la qual cosa treballem de manera eficient i curosa per garantir la integritat de la teva mercaderia durant tot el proc\u00e9s de transport. A m\u00e9s, el nostre equip de professionals altament capacitats i experimentats en log\u00edstica i transport sempre est\u00e0 disposat a ajudar-te amb qualsevol dubte o consulta que tinguis.<\/p><p>No et compliquis amb enviaments urgents, confia en Transports Flores perqu\u00e8 els teus enviaments arribin a temps i en perfectes condicions. Contacta amb nosaltres avui mateix per a m\u00e9s informaci\u00f3 sobre els nostres serveis de transport i com et podem ajudar amb els teus enviaments.<\/p>\t\t\t\t\t<\/div>\n\t\t\t\t\t\t<\/div>\n\t\t\t\t<\/div>\n\t\t\t\t\t\t<\/div>\n\t\t\t\t\t<\/div>\n\t\t<\/div>\n\t\t\t\t\t\t\t\t<\/div>\n\t\t\t\t\t<\/div>\n\t\t<\/section>\n\t\t\t\t<section class=\"elementor-section elementor-top-section elementor-element elementor-element-c9ee39d elementor-section-height-min-height elementor-section-boxed elementor-section-height-default elementor-section-items-middle qodef-elementor-content-no\" data-id=\"c9ee39d\" data-element_type=\"section\" data-settings=\"{&quot;background_background&quot;:&quot;classic&quot;}\">\n\t\t\t\t\t\t<div class=\"elementor-container elementor-column-gap-no\">\n\t\t\t\t\t\t\t<div class=\"elementor-row\">\n\t\t\t\t\t<div class=\"elementor-column elementor-col-100 elementor-top-column elementor-element elementor-element-d1aef63\" data-id=\"d1aef63\" data-element_type=\"column\">\n\t\t\t<div class=\"elementor-column-wrap elementor-element-populated\">\n\t\t\t\t\t\t\t<div class=\"elementor-widget-wrap\">\n\t\t\t\t\t\t<div class=\"elementor-element elementor-element-d37fa79 elementor-widget__width-initial elementor-widget-mobile__width-inherit elementor-widget elementor-widget-globefarer_core_section_title\" data-id=\"d37fa79\" data-element_type=\"widget\" data-widget_type=\"globefarer_core_section_title.default\">\n\t\t\t\t<div class=\"elementor-widget-container\">\n\t\t\t<div class=\"qodef-shortcode qodef-m  qodef-section-title qodef-alignment--left   qodef-appear-animation--no\">\n\t\t\t<h2 class=\"qodef-m-title\" style=\"color: #FFFFFF\">\n\t\t\t\t\tUn servei innovador que ofereix enviaments f\u00e0cils i r\u00e0pids amb transport coordinat per personal qualificat.\t\t\t<\/h2>\n\t\t<\/div>\n\t\t<\/div>\n\t\t\t\t<\/div>\n\t\t\t\t\t\t<\/div>\n\t\t\t\t\t<\/div>\n\t\t<\/div>\n\t\t\t\t\t\t\t\t<\/div>\n\t\t\t\t\t<\/div>\n\t\t<\/section>\n\t\t\t\t\t\t\t\t\t<\/div>\n\t\t\t<\/div>\n\t\t\t\t\t<\/div>\n\t\t","protected":false},"excerpt":{"rendered":"<p>Transportes Flores, la soluci\u00f3 m\u00e9s r\u00e0pida i fiable per als teus enviaments urgents A Transportes Flores, estem compromesos amb brindar un servei de transport de qualitat, eficient i puntual als nostres clients. Amb la nostra ubicaci\u00f3 a Matar\u00f3 (Barcelona), oferim un servei directe a Barcelona i Madrid en tan sols 24 hores, perqu\u00e8 els teus [&hellip;]<\/p>\n","protected":false},"author":1,"featured_media":0,"parent":0,"menu_order":0,"comment_status":"closed","ping_status":"closed","template":"page-full-width.php","meta":[],"yoast_head":"<!-- This site is optimized with the Yoast SEO plugin v20.5 - https:\/\/yoast.com\/wordpress\/plugins\/seo\/ -->\n<title>Nosaltres - Transportes Mataro Express - Flores<\/title>\n<meta name=\"robots\" content=\"index, follow, max-snippet:-1, max-image-preview:large, max-video-preview:-1\" \/>\n<link rel=\"canonical\" href=\"http:\/\/www.mataroexpress.com\/ca\/nosaltres\/\" \/>\n<meta property=\"og:locale\" content=\"ca_ES\" \/>\n<meta property=\"og:type\" content=\"article\" \/>\n<meta property=\"og:title\" content=\"Nosaltres - Transportes Mataro Express - Flores\" \/>\n<meta property=\"og:description\" content=\"Transportes Flores, la soluci\u00f3 m\u00e9s r\u00e0pida i fiable per als teus enviaments urgents A Transportes Flores, estem compromesos amb brindar un servei de transport de qualitat, eficient i puntual als nostres clients. Amb la nostra ubicaci\u00f3 a Matar\u00f3 (Barcelona), oferim un servei directe a Barcelona i Madrid en tan sols 24 hores, perqu\u00e8 els teus [&hellip;]\" \/>\n<meta property=\"og:url\" content=\"http:\/\/www.mataroexpress.com\/ca\/nosaltres\/\" \/>\n<meta property=\"og:site_name\" content=\"Transportes Mataro Express - Flores\" \/>\n<meta property=\"article:modified_time\" content=\"2023-04-20T05:57:26+00:00\" \/>\n<meta name=\"twitter:card\" content=\"summary_large_image\" \/>\n<meta name=\"twitter:label1\" content=\"Est. reading time\" \/>\n\t<meta name=\"twitter:data1\" content=\"2 minutes\" \/>\n<script type=\"application\/ld+json\" class=\"yoast-schema-graph\">{\"@context\":\"https:\/\/schema.org\",\"@graph\":[{\"@type\":\"WebPage\",\"@id\":\"http:\/\/www.mataroexpress.com\/ca\/nosaltres\/\",\"url\":\"http:\/\/www.mataroexpress.com\/ca\/nosaltres\/\",\"name\":\"Nosaltres - Transportes Mataro Express - Flores\",\"isPartOf\":{\"@id\":\"http:\/\/www.mataroexpress.com\/ca\/#website\"},\"datePublished\":\"2021-08-06T14:15:13+00:00\",\"dateModified\":\"2023-04-20T05:57:26+00:00\",\"breadcrumb\":{\"@id\":\"http:\/\/www.mataroexpress.com\/ca\/nosaltres\/#breadcrumb\"},\"inLanguage\":\"ca\",\"potentialAction\":[{\"@type\":\"ReadAction\",\"target\":[\"http:\/\/www.mataroexpress.com\/ca\/nosaltres\/\"]}]},{\"@type\":\"BreadcrumbList\",\"@id\":\"http:\/\/www.mataroexpress.com\/ca\/nosaltres\/#breadcrumb\",\"itemListElement\":[{\"@type\":\"ListItem\",\"position\":1,\"name\":\"Portada\",\"item\":\"http:\/\/www.mataroexpress.com\/ca\/\"},{\"@type\":\"ListItem\",\"position\":2,\"name\":\"Nosaltres\"}]},{\"@type\":\"WebSite\",\"@id\":\"http:\/\/www.mataroexpress.com\/ca\/#website\",\"url\":\"http:\/\/www.mataroexpress.com\/ca\/\",\"name\":\"Transportes Mataro Express - Flores\",\"description\":\"Transportes Flores\",\"publisher\":{\"@id\":\"http:\/\/www.mataroexpress.com\/ca\/#organization\"},\"potentialAction\":[{\"@type\":\"SearchAction\",\"target\":{\"@type\":\"EntryPoint\",\"urlTemplate\":\"http:\/\/www.mataroexpress.com\/ca\/?s={search_term_string}\"},\"query-input\":\"required name=search_term_string\"}],\"inLanguage\":\"ca\"},{\"@type\":\"Organization\",\"@id\":\"http:\/\/www.mataroexpress.com\/ca\/#organization\",\"name\":\"Transportes Mataro Express - Flores\",\"url\":\"http:\/\/www.mataroexpress.com\/ca\/\",\"logo\":{\"@type\":\"ImageObject\",\"inLanguage\":\"ca\",\"@id\":\"http:\/\/www.mataroexpress.com\/ca\/#\/schema\/logo\/image\/\",\"url\":\"http:\/\/www.mataroexpress.com\/wp-content\/uploads\/2023\/04\/logo-removebg-preview.png\",\"contentUrl\":\"http:\/\/www.mataroexpress.com\/wp-content\/uploads\/2023\/04\/logo-removebg-preview.png\",\"width\":156,\"height\":104,\"caption\":\"Transportes Mataro Express - Flores\"},\"image\":{\"@id\":\"http:\/\/www.mataroexpress.com\/ca\/#\/schema\/logo\/image\/\"}}]}<\/script>\n<!-- \/ Yoast SEO plugin. -->","yoast_head_json":{"title":"Nosaltres - Transportes Mataro Express - Flores","robots":{"index":"index","follow":"follow","max-snippet":"max-snippet:-1","max-image-preview":"max-image-preview:large","max-video-preview":"max-video-preview:-1"},"canonical":"http:\/\/www.mataroexpress.com\/ca\/nosaltres\/","og_locale":"ca_ES","og_type":"article","og_title":"Nosaltres - Transportes Mataro Express - Flores","og_description":"Transportes Flores, la soluci\u00f3 m\u00e9s r\u00e0pida i fiable per als teus enviaments urgents A Transportes Flores, estem compromesos amb brindar un servei de transport de qualitat, eficient i puntual als nostres clients. Amb la nostra ubicaci\u00f3 a Matar\u00f3 (Barcelona), oferim un servei directe a Barcelona i Madrid en tan sols 24 hores, perqu\u00e8 els teus [&hellip;]","og_url":"http:\/\/www.mataroexpress.com\/ca\/nosaltres\/","og_site_name":"Transportes Mataro Express - Flores","article_modified_time":"2023-04-20T05:57:26+00:00","twitter_card":"summary_large_image","twitter_misc":{"Est. reading time":"2 minutes"},"schema":{"@context":"https:\/\/schema.org","@graph":[{"@type":"WebPage","@id":"http:\/\/www.mataroexpress.com\/ca\/nosaltres\/","url":"http:\/\/www.mataroexpress.com\/ca\/nosaltres\/","name":"Nosaltres - Transportes Mataro Express - Flores","isPartOf":{"@id":"http:\/\/www.mataroexpress.com\/ca\/#website"},"datePublished":"2021-08-06T14:15:13+00:00","dateModified":"2023-04-20T05:57:26+00:00","breadcrumb":{"@id":"http:\/\/www.mataroexpress.com\/ca\/nosaltres\/#breadcrumb"},"inLanguage":"ca","potentialAction":[{"@type":"ReadAction","target":["http:\/\/www.mataroexpress.com\/ca\/nosaltres\/"]}]},{"@type":"BreadcrumbList","@id":"http:\/\/www.mataroexpress.com\/ca\/nosaltres\/#breadcrumb","itemListElement":[{"@type":"ListItem","position":1,"name":"Portada","item":"http:\/\/www.mataroexpress.com\/ca\/"},{"@type":"ListItem","position":2,"name":"Nosaltres"}]},{"@type":"WebSite","@id":"http:\/\/www.mataroexpress.com\/ca\/#website","url":"http:\/\/www.mataroexpress.com\/ca\/","name":"Transportes Mataro Express - Flores","description":"Transportes Flores","publisher":{"@id":"http:\/\/www.mataroexpress.com\/ca\/#organization"},"potentialAction":[{"@type":"SearchAction","target":{"@type":"EntryPoint","urlTemplate":"http:\/\/www.mataroexpress.com\/ca\/?s={search_term_string}"},"query-input":"required name=search_term_string"}],"inLanguage":"ca"},{"@type":"Organization","@id":"http:\/\/www.mataroexpress.com\/ca\/#organization","name":"Transportes Mataro Express - Flores","url":"http:\/\/www.mataroexpress.com\/ca\/","logo":{"@type":"ImageObject","inLanguage":"ca","@id":"http:\/\/www.mataroexpress.com\/ca\/#\/schema\/logo\/image\/","url":"http:\/\/www.mataroexpress.com\/wp-content\/uploads\/2023\/04\/logo-removebg-preview.png","contentUrl":"http:\/\/www.mataroexpress.com\/wp-content\/uploads\/2023\/04\/logo-removebg-preview.png","width":156,"height":104,"caption":"Transportes Mataro Express - Flores"},"image":{"@id":"http:\/\/www.mataroexpress.com\/ca\/#\/schema\/logo\/image\/"}}]}},"_links":{"self":[{"href":"http:\/\/www.mataroexpress.com\/ca\/wp-json\/wp\/v2\/pages\/8429"}],"collection":[{"href":"http:\/\/www.mataroexpress.com\/ca\/wp-json\/wp\/v2\/pages"}],"about":[{"href":"http:\/\/www.mataroexpress.com\/ca\/wp-json\/wp\/v2\/types\/page"}],"author":[{"embeddable":true,"href":"http:\/\/www.mataroexpress.com\/ca\/wp-json\/wp\/v2\/users\/1"}],"replies":[{"embeddable":true,"href":"http:\/\/www.mataroexpress.com\/ca\/wp-json\/wp\/v2\/comments?post=8429"}],"version-history":[{"count":8,"href":"http:\/\/www.mataroexpress.com\/ca\/wp-json\/wp\/v2\/pages\/8429\/revisions"}],"predecessor-version":[{"id":8516,"href":"http:\/\/www.mataroexpress.com\/ca\/wp-json\/wp\/v2\/pages\/8429\/revisions\/8516"}],"wp:attachment":[{"href":"http:\/\/www.mataroexpress.com\/ca\/wp-json\/wp\/v2\/media?parent=8429"}],"curies":[{"name":"wp","href":"https:\/\/api.w.org\/{rel}","templated":true}]}}